{"id":5605,"date":"2025-12-23T14:59:41","date_gmt":"2025-12-23T13:59:41","guid":{"rendered":"https:\/\/izaki-sports-academy.com\/sejours-pays-basque\/?page_id=5605"},"modified":"2026-04-08T16:14:53","modified_gmt":"2026-04-08T14:14:53","slug":"padle-tennis-camp","status":"publish","type":"page","link":"https:\/\/izaki-sports-academy.com\/sejours-pays-basque\/padle-tennis-camp\/","title":{"rendered":"PADEL TENNIS CAMP"},"content":{"rendered":"<div  data-label=\"Overlappable\" data-id=\"overlappable--2\" data-export-id=\"overlappable-4\" data-category=\"overlappable\" class=\"overlappable-4 content-section content-section-spacing\" data-overlap=\"true\" id=\"overlappable-2\"><div  class=\"gridContainer\"> <div  data-type=\"row\" class=\"row spaced-cols text-center\"><div  class=\"col-xs-12 col-sm-4 col-padding col-md-3 \"> <i  class=\"fa icon shadow-large-black aligncenter fa-clone reverse round large color1\"><\/i> <div  data-type=\"column\" class=\"\"> <h5  class=\"\">ACCESSIBILIT\u00c9<\/h5> <p  class=\"\">Ouvert \u00e0 partir de 18ans.\n<br >Niveau d\u00e9butant<\/p><\/div> <\/div> <div  class=\"col-xs-12 col-sm-4 col-padding col-md-3 \"> <i  class=\"fa icon shadow-large-black aligncenter fa-home reverse round large color1\"><\/i> <div  data-type=\"column\" class=\"\"><h5  class=\"\">H\u00c9BERGEMENT \/ PENSION<\/h5> <p  class=\"\">H\u00e9bergement bungalows toil\u00e9s de 4 personnes ou en mobil home de 4 \u00e0 6 personnes en camping \u00e0 Hendaye.<\/p><\/div> <\/div> <div  class=\"col-xs-12 col-sm-4 col-padding col-md-3 \"> <i  class=\"fa icon shadow-large-black aligncenter fa-euro reverse round large color1\"><\/i> <div  data-type=\"column\" class=\"\"> <h5  class=\"\">TARIF<\/h5> <p  class=\"\"><span  style=\"font-weight: 700; font-family: Muli, arial, helvetica, sans-serif;\">550\u20ac<\/span><span  id=\"_mce_caret\" data-mce-bogus=\"1\" data-mce-type=\"format-caret\"><span  style=\"font-weight: 700; font-family: Muli, arial, helvetica, sans-serif;\">\ufeff avec h\u00e9bergement bungalows.<\/span><\/span><\/p><\/div> <\/div><div  class=\"col-xs-12 col-sm-4 col-padding col-md-3 \"> <i  class=\"fa icon shadow-large-black aligncenter fa-calendar reverse round large color1\"><\/i> <div  data-type=\"column\" class=\"\"><h5  class=\"\">DATES<\/h5> <p  class=\"\">Du 08 au 10 mai 2026, du 16 au 18 mai, du 23 au 25 mai, du 30 mai au 1er juin,\n<br >du 06 au 08 juin, du 20 au 22 juin, du 27 au 29 juin, du 05 au 07 septembre, du 12 au 14 septembre, du 19 au 21 septembre, du 26 au 28 septembre, du 02 au 04 octobre, du 09 au 11 octobre, du 16 au 18 octobre, du 24 au 26 octobre et du 30 octobre au 1er novembre.<\/p><\/div> <\/div><\/div> <\/div><\/div><div  data-label=\"About\" data-id=\"about--1\" data-export-id=\"about-10\" data-category=\"about\" class=\"about-10 content-section content-section-spacing\" id=\"about-1\"><div  class=\"gridContainer\"> <div  class=\"row middle-sm text-center\"><div  class=\"col-sm-5 space-bottom-xs content-column\" data-type=\"column\"> <h5  class=\"\">SURF &amp; PADEL TENNIS<\/h5> <h2  class=\"\">Exp\u00e9rience sportive unique sur la c\u00f4te Basque. Ce stage s\u2019adresse aux sportifs souhaitant perfectionner leur niveau en padel. Travail technique, physique et objectifs de performance au rendez-vous. Encadr\u00e9s par des coachs dipl\u00f4m\u00e9s et passionn\u00e9s.<\/h2> <p  class=\"\">Vous vivrez 2 entra\u00eenements structur\u00e9s (technique, tactique, jeu) par jours. Ils seront accompagn\u00e9s de sessions d\u2019\u00e9tirement et gainage sp\u00e9ciphique pour une \u00e9ficience r\u00e9cup\u00e9ration et un d\u00e9velopemnt accrus.<br >\nEncadrement professionnel et mat\u00e9riel adapt\u00e9<br >\nCadre exceptionnel entre mer et montagne<br >\nAmbiance conviviale et dynamique.<\/p> <a  class=\"button color1\" href=\"https:\/\/izaki-sports-academy.com\/produit\/padle-tennis-camp\" target=\"_self\" data-cp-link=\"1\" data-icon=\"\">Je m\u2019inscris !<\/a><\/div> <div  class=\"col-sm-7 flexbox middle-xs center-xs space-bottom-xs\"><div  class=\"overlay-box middle-xs center-xs flexbox\"> <div  class=\"overlay-box-offset offset-border shadow-medium border-color1 hide-xs\"><\/div> <img  decoding=\"async\" class=\"shadow-large\" data-size=\"485x705\" src=\"https:\/\/izaki-sports-academy.com\/sejours-pays-basque\/wp-content\/uploads\/2025\/11\/cropped-image-paddle-tennis.jpg\" title=\"s\u00e9jours sportifs adultes izaki sports academy\" alt=\"s\u00e9jours padle tennis adultes izaki sports academy\"><\/div> <\/div><\/div> <\/div><\/div><div  data-label=\"Overlappable\" data-id=\"overlappable--1\" data-export-id=\"overlappable-5\" data-category=\"overlappable\" class=\"overlappable-5 content-section content-section-spacing\" data-overlap=\"true\" id=\"overlappable-1\"><div  class=\"gridContainer\"> <div  data-type=\"row\" class=\"row shadow-medium bg-color-white\"><div  class=\"col-xs-12 col-sm-4 col-padding col-padding-xs bg-color-white\"> <div  class=\"row middle-sm\"><div  class=\"col-xs-12 col-sm-fit icon-column\"> <a  data-cp-link=\"1\" href=\"#\" target=\"_self\"><i  class=\"fa icon fa-thumbs-o-up bordered round color2\"><\/i><\/a><\/div> <div  data-type=\"column\" class=\"col-xs-12 col-sm v-spacing\"><h5  class=\"\">Encadr\u00e9s par des professionnels dipl\u00f4m\u00e9s et passionn\u00e9s.<\/h5><\/div> <\/div> <div  class=\"row\"> <div  class=\"col-xs-12 col-sm-12\" data-type=\"column\">  <\/div> <\/div><\/div> <div  class=\"col-xs-12 col-sm-4 col-padding col-padding-xs bg-color-white\"><div  class=\"row middle-sm\"> <div  class=\"col-xs-12 col-sm-fit icon-column\"><i  class=\"fa icon fa-child bordered round color2\"><\/i><\/div> <div  data-type=\"column\" class=\"col-xs-12 col-sm v-spacing\"><h5  class=\"\">Petits<br >\ngroupes pour une exp\u00e9rience personnalis\u00e9e.<\/h5><\/div> <\/div> <div  class=\"row\"> <div  class=\"col-xs-12 col-sm-12\" data-type=\"column\">  <\/div> <\/div><\/div> <div  class=\"col-xs-12 col-sm-4 col-padding col-padding-xs bg-color-white\"><div  class=\"row middle-sm\"> <div  class=\"col-xs-12 col-sm-fit icon-column\"><i  class=\"fa icon fa-spoon bordered round color2\"><\/i><\/div> <div  data-type=\"column\" class=\"col-xs-12 col-sm v-spacing\"><h5  class=\"\">Cuisine locale et produitS du terroir.<\/h5><\/div> <\/div> <div  class=\"row\"> <div  class=\"col-xs-12 col-sm-12\" data-type=\"column\">  <\/div> <\/div><\/div> <div  class=\"col-xs-12 col-sm-4 col-padding col-padding-xs bg-color-white\"> <div  class=\"row middle-sm\"><div  class=\"col-xs-12 col-sm-fit icon-column\"> <a  data-cp-link=\"1\" href=\"#\" target=\"_self\"><i  class=\"fa icon fa-car bordered round color2\"><\/i><\/a><\/div> <div  data-type=\"column\" class=\"col-xs-12 col-sm v-spacing\"><h5  class=\"\">Navette<br >\ndepuis la gare d\u2019Hendaye ou l\u2019a\u00e9roport de Biarritz.<\/h5><div  class=\"scribens-layout\"><\/div><\/div> <\/div> <div  class=\"row\"> <div  class=\"col-xs-12 col-sm-12\" data-type=\"column\">  <\/div> <\/div><\/div><div  class=\"col-xs-12 col-sm-4 col-padding col-padding-xs bg-color-white\"> <div  class=\"row middle-sm\"><div  class=\"col-xs-12 col-sm-fit icon-column\"> <a  data-cp-link=\"1\" href=\"#\" target=\"_self\"><i  class=\"fa icon fa-plus bordered round color2\"><\/i><\/a><\/div> <div  data-type=\"column\" class=\"col-xs-12 col-sm v-spacing\"><h5  class=\"\">Chambre individuelle<br >Massage\n<br >Randonn\u00e9es\n<br >Initiation pelote basque\n<br >Initiation padel tennis<\/h5><div  class=\"scribens-layout\"><\/div><\/div> <\/div> <div  class=\"row\"> <div  class=\"col-xs-12 col-sm-12\" data-type=\"column\">  <\/div> <\/div><\/div><div  class=\"col-xs-12 col-sm-4 col-padding col-padding-xs bg-color-white\"> <div  class=\"row middle-sm\"><div  class=\"col-xs-12 col-sm-fit icon-column\"> <a  data-cp-link=\"1\" href=\"#\" target=\"_self\"><i  class=\"fa icon fa-check bordered round color2\"><\/i><\/a><\/div> <div  data-type=\"column\" class=\"col-xs-12 col-sm v-spacing\"><h5  class=\"\">Routine de r\u00e9cup\u00e9ration et de d\u00e9veloppement personnel.<\/h5><div  class=\"scribens-layout\"><\/div><\/div> <\/div> <div  class=\"row\"> <div  class=\"col-xs-12 col-sm-12\" data-type=\"column\">  <\/div> <\/div><\/div><\/div><\/div> <\/div><div  data-label=\"Options\" data-id=\"pricing--1\" data-export-id=\"pricing-1\" data-category=\"pricing\" data-featured-class=\"pricing-featured\" class=\"pricing-1 content-section content-section-spacing\" id=\"options\"><div  class=\"gridContainer\"> <div  class=\"row\"><div  data-type=\"column\" class=\"section-title-col\"> <h2  class=\"text-center\">Programme du s\u00e9jour<\/h2> <p  class=\"lead\">Pendant ces 4 jours et 3 nuits \u00e0 Hendaye, vous vivrez une immersion compl\u00e8te entre oc\u00e9an et montagne, alliant sport et bien-\u00eatre. Chaque journ\u00e9e est soigneusement pens\u00e9e pour \u00e9quilibrer les moments actifs, de r\u00e9cup\u00e9ration et les moments libres, dans un cadre naturel exceptionnel. Encadr\u00e9 par des professionnels passionn\u00e9s et en petits groupes, vous pourrez profiter pleinement de chaque activit\u00e9 et en retirer un maximum d\u2019\u00e9nergie positive.<\/p><\/div> <\/div> <div  data-type=\"row\" class=\"row spaced-cols\"> <div  class=\"col-xs-12 col-sm-6 col-md-3 text-center \"> <div  class=\"card shadow-small rounded\" data-default=\"shadow-small\" data-featured=\"shadow-large\" data-type=\"column\"> <h3  class=\"font-300 upper\">JOUR 1<\/h3>   <ul  data-default=\"no-class\" data-featured=\"strong\" class=\"unstyled checked decoration-color1 black text-center\"><li >Arriv\u00e9e de 15h \u00e0 17h<\/li><li >Attribution des logements<\/li><li >Padel tennis 18h \u00e0 19h30<\/li><li >Stretching<\/li><li >Pr\u00e9sentation de la semaine<\/li><li >D\u00eener \u2013 Veill\u00e9e<\/li><\/ul> <\/div> <\/div> <div  class=\"col-xs-12 col-sm-6 col-md-3 text-center\"> <div  class=\"card rounded shadow-small\" data-default=\"shadow-small\" data-featured=\"shadow-large\" data-type=\"column\"> <h3  class=\"font-300 upper\">JOUR 2<\/h3>   <ul  data-default=\"no-class\" data-featured=\"strong\" class=\"unstyled checked decoration-color1 black text-center\"><li >Collation<\/li><li >Padel tennis<\/li><li >D\u00e9jeuner (option)<\/li><li >Padel tennis<\/li><li >Streching<\/li><li >D\u00eener (option) Veill\u00e9e<\/li><\/ul> <\/div> <\/div> <div  class=\"col-xs-12 col-sm-6 col-md-3 text-center \"> <div  class=\"card shadow-small rounded\" data-default=\"shadow-small\" data-featured=\"shadow-large\" data-type=\"column\"> <h3  class=\"font-300 upper\">JOUR 3<\/h3>   <ul  data-default=\"no-class\" data-featured=\"strong\" class=\"unstyled checked decoration-color1 black text-center\"><li >Collation<\/li><li >Padel tennis<\/li><li >D\u00e9jeuner (option)<\/li><li >Padel tennis<\/li><li >Streching<\/li><li >D\u00eener (option) Veill\u00e9e<\/li><\/ul> <\/div> <\/div> <div  class=\"col-xs-12 col-sm-6 col-md-3 text-center \"> <div  class=\"card shadow-small rounded\" data-default=\"shadow-small\" data-featured=\"shadow-large\" data-type=\"column\"> <h3  class=\"font-300 upper\">JOUR 4<\/h3>   <ul  data-default=\"no-class\" data-featured=\"strong\" class=\"unstyled checked decoration-color1 black text-center\"><li >Collation<\/li><li >Padel tennis<\/li><li >Lib\u00e9ration des h\u00e9bergements<\/li><li >Brunch<\/li><li >D\u00e9part 13h30<\/li><\/ul> <\/div> <\/div><\/div> <\/div><\/div><div  data-label=\"Pricing\" data-id=\"pricing--2\" data-export-id=\"pricing-1\" data-category=\"pricing\" data-featured-class=\"pricing-featured\" class=\"pricing-1 content-section content-section-spacing\" id=\"pricing-1\"><div  class=\"\"> <div  class=\"row\"><div  data-type=\"column\" class=\"section-title-col\"> <h2  class=\"text-center\">Choisissez vos options<\/h2> <p  class=\"lead\">Pour compl\u00e9ter votre s\u00e9jours \u00e0 votre guise et l\u2019optiomiser au maximum, vous pouvez y ajouter des options. Vous le rendrez encore plus en ad\u00e9quation avec vos envies du moment.<\/p><\/div> <\/div> <div  data-type=\"row\" class=\"row spaced-cols\"> <div  class=\"col-xs-12 col-sm-6 text-center pricing-featured col-md-4 \"> <div  class=\"card rounded shadow-large\" data-default=\"shadow-small\" data-featured=\"shadow-large\" data-type=\"column\"> <h3  class=\"font-300 upper\">chambre individuelle<\/h3> <h3  class=\"h1\">60\u20ac<\/h3> <p  class=\"small color1 custom-color\">par s\u00e9jour<\/p>  <\/div> <\/div> <div  class=\"col-xs-12 col-sm-6 text-center pricing-featured col-md-4 \"> <div  class=\"card rounded shadow-large\" data-default=\"shadow-small\" data-featured=\"shadow-large\" data-type=\"column\"> <h3  class=\"font-300 upper\">initiation \u00c0 LA PELOTE BASQUE<\/h3> <h3  class=\"h1\">20\u20ac<\/h3> <p  class=\"small color1 custom-color\">par personne<br >\n5 personnes mini<\/p>  <\/div> <\/div> <div  class=\"col-xs-12 col-sm-6 text-center pricing-featured col-md-4 \"> <div  class=\"card rounded shadow-large\" data-default=\"shadow-small\" data-featured=\"shadow-large\" data-type=\"column\"> <h3  class=\"font-300 upper\">rando jaizkibel<\/h3> <h3  class=\"h1\">35\u20ac<\/h3> <p  class=\"small color1 custom-color\">par personne<br >4 personnes mini<\/p>  <\/div> <\/div> <div  class=\"col-xs-12 col-sm-6 text-center pricing-featured col-md-4 \"> <div  class=\"card rounded shadow-large\" data-default=\"shadow-small\" data-featured=\"shadow-large\" data-type=\"column\"> <h3  class=\"font-300 upper\">initiation padEL tennis<\/h3> <h3  class=\"h1\">40\u20ac<\/h3> <p  class=\"small color1 custom-color\">par personne<br >4 personnes mini<\/p>  <\/div> <\/div><div  class=\"col-xs-12 col-sm-6 text-center pricing-featured col-md-4 \"> <div  class=\"card rounded shadow-large\" data-default=\"shadow-small\" data-featured=\"shadow-large\" data-type=\"column\"> <h3  class=\"font-300 upper\">Arriv\u00c9E LA VEILLE<\/h3> <h3  class=\"h1\">50\u20ac<\/h3> <p  class=\"small color1 custom-color\">par personne avec petit d\u00e9jeuner<\/p>  <\/div> <\/div><\/div> <\/div><\/div><div  data-label=\"Cta\" data-id=\"cta--1\" data-export-id=\"cta-blue-section\" data-category=\"cta\" class=\"cta-blue-section content-section content-section-spacing-medium bg-color1 white-text\" id=\"cta-1\"><div  class=\"gridContainer\"> <div  class=\"row middle-xs\"><div  class=\"col-sm-8 space-bottom-xs\" data-type=\"column\"> <h2  class=\"\">Rejoignez-nous d\u00e8s maintenant et offrez-vous cette pause bien-\u00eatre dont vous avez tant besoin !<\/h2> <\/div> <div  class=\"col-sm-4 end-sm\" data-type=\"column\"> <a  class=\"button color2\" href=\"https:\/\/izaki-sports-academy.com\/produit\/padle-tennis-camp\" target=\"_self\" data-cp-link=\"1\" data-icon=\"\">Je m\u2019inscris !<\/a><\/div> <\/div><\/div> <\/div>","protected":false},"excerpt":{"rendered":"<p>ACCESSIBILIT\u00c9 Ouvert \u00e0 partir de 18ans. Niveau d\u00e9butant H\u00c9BERGEMENT \/ PENSION H\u00e9bergement bungalows toil\u00e9s de 4 personnes ou en mobil home de 4 \u00e0 6 personnes en camping \u00e0 Hendaye. TARIF 550\u20ac\ufeff avec h\u00e9bergement bungalows. DATES Du 08 au 10 mai 2026, du 16 au 18 mai, du 23 au 25 mai, du 30 mai&hellip; <br \/> <a class=\"read-more\" href=\"https:\/\/izaki-sports-academy.com\/sejours-pays-basque\/padle-tennis-camp\/\">Lire la suite<\/a><\/p>\n","protected":false},"author":2,"featured_media":5607,"parent":0,"menu_order":0,"comment_status":"closed","ping_status":"closed","template":"pro\/page-templates\/full-width-page.php","meta":{"_seopress_robots_primary_cat":"","_seopress_titles_title":"","_seopress_titles_desc":"","_seopress_robots_index":"","footnotes":""},"class_list":["post-5605","page","type-page","status-publish","has-post-thumbnail","hentry"],"_links":{"self":[{"href":"https:\/\/izaki-sports-academy.com\/sejours-pays-basque\/wp-json\/wp\/v2\/pages\/5605","targetHints":{"allow":["GET"]}}],"collection":[{"href":"https:\/\/izaki-sports-academy.com\/sejours-pays-basque\/wp-json\/wp\/v2\/pages"}],"about":[{"href":"https:\/\/izaki-sports-academy.com\/sejours-pays-basque\/wp-json\/wp\/v2\/types\/page"}],"author":[{"embeddable":true,"href":"https:\/\/izaki-sports-academy.com\/sejours-pays-basque\/wp-json\/wp\/v2\/users\/2"}],"replies":[{"embeddable":true,"href":"https:\/\/izaki-sports-academy.com\/sejours-pays-basque\/wp-json\/wp\/v2\/comments?post=5605"}],"version-history":[{"count":19,"href":"https:\/\/izaki-sports-academy.com\/sejours-pays-basque\/wp-json\/wp\/v2\/pages\/5605\/revisions"}],"predecessor-version":[{"id":5805,"href":"https:\/\/izaki-sports-academy.com\/sejours-pays-basque\/wp-json\/wp\/v2\/pages\/5605\/revisions\/5805"}],"wp:featuredmedia":[{"embeddable":true,"href":"https:\/\/izaki-sports-academy.com\/sejours-pays-basque\/wp-json\/wp\/v2\/media\/5607"}],"wp:attachment":[{"href":"https:\/\/izaki-sports-academy.com\/sejours-pays-basque\/wp-json\/wp\/v2\/media?parent=5605"}],"curies":[{"name":"wp","href":"https:\/\/api.w.org\/{rel}","templated":true}]}}