{"id":5465,"date":"2025-12-14T22:38:51","date_gmt":"2025-12-14T21:38:51","guid":{"rendered":"https:\/\/izaki-sports-academy.com\/sejours-pays-basque\/?page_id=5465"},"modified":"2025-12-19T09:46:16","modified_gmt":"2025-12-19T08:46:16","slug":"team-building-tpe-pme","status":"publish","type":"page","link":"https:\/\/izaki-sports-academy.com\/sejours-pays-basque\/team-building-tpe-pme\/","title":{"rendered":"S\u00e9minaires &#038; Team buildings pour \u00e9quipes de TPE &#038; PME"},"content":{"rendered":"<div  data-label=\"Overlappable\" data-id=\"overlappable--2\" data-export-id=\"overlappable-4\" data-category=\"overlappable\" class=\"overlappable-4 content-section content-section-spacing\" data-overlap=\"true\" id=\"overlappable-2\"><div  class=\"gridContainer\"> <div  data-type=\"row\" class=\"row spaced-cols text-center\"><div  class=\"col-xs-12 col-sm-4 col-padding\"> <i  class=\"fa icon shadow-large-black aligncenter fa-globe reverse round large color1\"><\/i> <div  data-type=\"column\" class=\"\"> <h5  class=\"\">ACCESSIBILIT\u00c9<\/h5> <p  class=\"\">Par la route, le train ou les airs.<\/p><\/div> <\/div> <div  class=\"col-xs-12 col-sm-4 col-padding\"> <i  class=\"fa icon shadow-large-black aligncenter fa-home reverse round large color1\"><\/i> <div  data-type=\"column\" class=\"\"><h5  class=\"\">H\u00c9BERGEMENT \/ PENSION<\/h5> <p  class=\"\">Du bungalow toil\u00e9 \u00e0 l\u2019h\u00f4tel 4*<\/p><\/div> <\/div> <div  class=\"col-xs-12 col-sm-4 col-padding\"> <i  class=\"fa icon shadow-large-black aligncenter fa-calendar reverse round large color1\"><\/i> <div  data-type=\"column\" class=\"\"><h5  class=\"\">DATES &amp; DUREE<\/h5> <p  class=\"\">D\u2019une journ\u00e9e \u00e0 plusieurs jours au moment o\u00f9 vous en \u00e9prouvez le besoin.<\/p><\/div> <\/div><\/div> <\/div><\/div><div  data-label=\"About\" data-id=\"about--1\" data-export-id=\"about-10\" data-category=\"about\" class=\"about-10 content-section content-section-spacing\" id=\"about-1\"><div  class=\"gridContainer\"> <div  class=\"row middle-sm text-center\"><div  class=\"col-sm-5 space-bottom-xs content-column\" data-type=\"column\"> <h5  class=\"\">S\u00c9MINAIRE \u00c9QUIPES TPE, PME et ETI.<\/h5> <h2  class=\"\">Ces s\u00e9jours team building et incentive bien-\u00eatre sont con\u00e7us pour les salari\u00e9s et cadres de TPE, PME et ETI souhaitant renforcer la coh\u00e9sion interne tout en am\u00e9liorant la qualit\u00e9 de vie au travail. Ils combinent plaisir, d\u00e9tente, pr\u00e9vention des tensions et d\u00e9veloppement de relations professionnelles plus sereines.<\/h2> <p  class=\"\">Cette journ\u00e9e a \u00e9t\u00e9 con\u00e7ue pour renforcer la coh\u00e9sion entre toutes les composantes de l\u2019entreprise. Elle vise \u00e9galement \u00e0 am\u00e9liorer le bien-\u00eatre individuel et collectif tout en favorisant le sentiment d\u2019appartenance. Elle aide \u00e0 la gestion des conflits, \u00e0 r\u00e9duire le stress et les tensions professionnelles pour favoriser un climat de travail durablement positif.<\/p> <a  class=\"button color1\" href=\"https:\/\/izaki-sports-academy.com\/sejours-pays-basque\/sejours-entreprises\/#demande-devis\" target=\"_self\" data-cp-link=\"1\" data-icon=\"\">Je vous contacte !<\/a><\/div> <div  class=\"col-sm-7 flexbox middle-xs center-xs space-bottom-xs\"><div  class=\"overlay-box middle-xs center-xs flexbox\"> <div  class=\"overlay-box-offset offset-border shadow-medium border-color1 hide-xs\"><\/div> <img  decoding=\"async\" class=\"shadow-large\" data-size=\"485x705\" src=\"https:\/\/izaki-sports-academy.com\/sejours-pays-basque\/wp-content\/uploads\/2025\/12\/seminaires_team_buildings_pays_basque_izaki-400-x-600-px-1.jpg\" title=\"seminaires_team_buildings_pays_basque_izaki (400 x 600 px) (1)\" alt=\"\"><\/div> <\/div><\/div> <\/div><\/div><div  data-label=\"Overlappable\" data-id=\"overlappable--1\" data-export-id=\"overlappable-5\" data-category=\"overlappable\" class=\"overlappable-5 content-section content-section-spacing\" data-overlap=\"true\" id=\"overlappable-1\"><div  class=\"\"> <div  data-type=\"row\" class=\"row shadow-medium bg-color-white\"><div  class=\"col-xs-12 col-sm-4 col-padding col-padding-xs bg-color-white\"> <div  class=\"row middle-sm\"><div  class=\"col-xs-12 col-sm-fit icon-column\"> <a  data-cp-link=\"1\" href=\"#\" target=\"_self\"><i  class=\"fa icon fa-thumbs-o-up bordered round color2\"><\/i><\/a><\/div> <div  data-type=\"column\" class=\"col-xs-12 col-sm v-spacing\"><h5  class=\"\">Encadr\u00e9s par des professionnels dipl\u00f4m\u00e9s, comp\u00e9tents et&nbsp; passionn\u00e9s.<\/h5><\/div> <\/div> <div  class=\"row\"> <div  class=\"col-xs-12 col-sm-12\" data-type=\"column\">  <\/div> <\/div><\/div> <div  class=\"col-xs-12 col-sm-4 col-padding col-padding-xs bg-color-white\"><div  class=\"row middle-sm\"> <div  class=\"col-xs-12 col-sm-fit icon-column\"><i  class=\"fa icon fa-group bordered round color2\"><\/i><\/div> <div  data-type=\"column\" class=\"col-xs-12 col-sm v-spacing\"><h5  class=\"\">Petits<br >\r\ngroupes pour une exp\u00e9rience personnalis\u00e9e.<\/h5><\/div> <\/div> <div  class=\"row\"> <div  class=\"col-xs-12 col-sm-12\" data-type=\"column\">  <\/div> <\/div><\/div> <div  class=\"col-xs-12 col-sm-4 col-padding col-padding-xs bg-color-white\"><div  class=\"row middle-sm\"> <div  class=\"col-xs-12 col-sm-fit icon-column\"><i  class=\"fa icon fa-cutlery bordered round color2\"><\/i><\/div> <div  data-type=\"column\" class=\"col-xs-12 col-sm v-spacing\"><h5  class=\"\">Cuisine locale et produits du terroir.<\/h5><\/div> <\/div> <div  class=\"row\"> <div  class=\"col-xs-12 col-sm-12\" data-type=\"column\">  <\/div> <\/div><\/div> <div  class=\"col-xs-12 col-sm-4 col-padding col-padding-xs bg-color-white\"> <div  class=\"row middle-sm\"><div  class=\"col-xs-12 col-sm-fit icon-column\"> <a  data-cp-link=\"1\" href=\"#\" target=\"_self\"><i  class=\"fa icon fa-car bordered round color2\"><\/i><\/a><\/div> <div  data-type=\"column\" class=\"col-xs-12 col-sm v-spacing\"><h5  class=\"\">Navette<br >\r\ndepuis la gare d\u2019Hendaye ou l\u2019a\u00e9roport de Biarritz.<\/h5><div  class=\"scribens-layout\"><\/div><\/div> <\/div> <div  class=\"row\"> <div  class=\"col-xs-12 col-sm-12\" data-type=\"column\">  <\/div> <\/div><\/div><div  class=\"col-xs-12 col-sm-4 col-padding col-padding-xs bg-color-white\"> <div  class=\"row middle-sm\"><div  class=\"col-xs-12 col-sm-fit icon-column\"> <a  data-cp-link=\"1\" href=\"#\" target=\"_self\"><i  class=\"fa icon fa-plus bordered round color2\"><\/i><\/a><\/div> <div  data-type=\"column\" class=\"col-xs-12 col-sm v-spacing\"><h5  class=\"\">Chambre individuelle<br >Massage\r\n<br >Initiation paddle tennis<br >Initiation pelote basque\r\n<br >Randonn\u00e9es\r\n<br >Ateliers cuisine<\/h5><div  class=\"scribens-layout\"><\/div><\/div> <\/div> <div  class=\"row\"> <div  class=\"col-xs-12 col-sm-12\" data-type=\"column\">  <\/div> <\/div><\/div><div  class=\"col-xs-12 col-sm-4 col-padding col-padding-xs bg-color-white\"> <div  class=\"row middle-sm\"><div  class=\"col-xs-12 col-sm-fit icon-column\"> <a  data-cp-link=\"1\" href=\"#\" target=\"_self\"><i  class=\"fa icon fa-map-o bordered round color2\"><\/i><\/a><\/div> <div  data-type=\"column\" class=\"col-xs-12 col-sm v-spacing\"><h5  class=\"\">Des journ\u00e9es, s\u00e9jours et programmes \u00e0 la carte r\u00e9pondant uniquement \u00e0 vos besoins.<\/h5><\/div> <\/div> <div  class=\"row\"> <div  class=\"col-xs-12 col-sm-12\" data-type=\"column\">  <\/div> <\/div><\/div><\/div><\/div> <\/div><div  data-label=\"Exemple de programme\" data-id=\"pricing--2\" data-export-id=\"pricing-1\" data-category=\"pricing\" data-featured-class=\"pricing-featured\" class=\"pricing-1 content-section content-section-spacing\" id=\"exemple-de-programme\"><div  class=\"gridContainer\"> <div  class=\"row\"><div  data-type=\"column\" class=\"section-title-col\"> <h2  class=\"text-center\">Exemple de programme<\/h2> <p  class=\"lead\">Pour compl\u00e9ter votre s\u00e9jours \u00e0 votre guise et l\u2019optiomiser au maximum, vous pouvez y ajouter des options. Vous le rendrez encore plus en ad\u00e9quation avec vos envies du moment.<\/p><\/div> <\/div> <div  data-type=\"row\" class=\"row spaced-cols\">    <div  class=\"col-xs-12 col-sm-6 text-center pricing-featured col-md-4 \"> <div  class=\"card rounded shadow-large\" data-default=\"shadow-small\" data-featured=\"shadow-large\" data-type=\"column\"> <h3  class=\"font-300 upper\">MATIN partage<\/h3>  <div  class=\"\"><span  style=\"font-size: 0.875em; font-weight: 600;\"><\/span><\/div><div  class=\"\"><\/div><div  class=\"\"><span  style=\"font-weight: 600;\"><span  style=\"font-weight: 700;\">Accueil &amp; caf\u00e9 de bienvenue\r\n<\/span><br ><br >D\u00e9roul\u00e9 de la journ\u00e9e<\/span><\/div><div  class=\"\"><\/div><div  class=\"\"><span  style=\"font-weight: 600;\">Atelier d\u2019ouverture brise glace collaboratif<\/span><\/div><div  class=\"\"><\/div><div  class=\"\"><span  style=\"font-weight: 600;\"><span  style=\"font-weight: 700;\">Animation participative<\/span> \r\n<br >(mind mapping collectif ou world caf\u00e9) : gestion des conflits<\/span><\/div><div  class=\"\"><span  style=\"font-weight: 600;\">Gestion du stress et des tensions professionnelles\r\n<br >Objectif : cr\u00e9er r\u00e9f\u00e9renciel de gestion de crise<\/span><\/div><div  class=\"\">\r\n<\/div><div  class=\"\"><\/div><div  class=\"\"><span  style=\"font-weight: 600;\">Pause caf\u00e9 &amp; \u00e9changes informels<\/span><\/div><div  class=\"\"><\/div><div  class=\"\"><span  style=\"font-weight: 600;\"><span  style=\"font-weight: 700;\">Activit\u00e9 de coh\u00e9sion<\/span><\/span><\/div><div  class=\"\"><span  style=\"font-weight: 600;\">Exemples :<\/span><\/div><div  class=\"\"><\/div><div  class=\"\"><\/div><div  class=\"\"><\/div><div  class=\"\"><span  style=\"font-weight: 600;\">Atelier outdoor (mini olympiades, orientation, ou atelier de survie douce)\r\n<\/span><\/div><div  class=\"\"><span  style=\"font-weight: 600;\">D\u00e9jeuner convivial<\/span><\/div><div  class=\"\"><span  style=\"font-weight: 600;\">Buffet pour favoriser les discussions transverses.<\/span><\/div><div  class=\"\"><\/div>  <div  class=\"scribens-layout\"><\/div><\/div> <\/div><div  class=\"col-xs-12 col-sm-6 text-center pricing-featured col-md-4 \"> <div  class=\"card rounded shadow-large\" data-default=\"shadow-small\" data-featured=\"shadow-large\" data-type=\"column\"> <h3  class=\"font-300 upper\">APR\u00c8S-MIDI Bien-\u00eatre<\/h3>  <div  class=\"\"><br >\r\n\r\n<br ><span  style=\"font-weight: 600;\">Atelier sur le sentiment d\u2019appartenance<\/span><br >\r\n<br ><br ><span  style=\"font-weight: 600;\">Pause caf\u00e9<\/span><br ><br ><br ><span  style=\"font-weight: 600;\">Ateliers bien-\u00eatre : yoga, sophrologie, m\u00e9ditation, respiration, spa thalasso\r\n<\/span><br ><br ><br ><\/div><div  class=\"\"><\/div>  <div  class=\"scribens-layout\"><\/div><div  class=\"scribens-layout\"><\/div><div  class=\"scribens-layout\"><\/div><\/div> <\/div><div  class=\"col-xs-12 col-sm-6 text-center pricing-featured col-md-4 \"> <div  class=\"card rounded shadow-large\" data-default=\"shadow-small\" data-featured=\"shadow-large\" data-type=\"column\"> <h3  class=\"font-300 upper\">CL\u00d4TURE ET SOIR\u00c9E<\/h3>  <p  class=\"small custom-color color-black\"><\/p><div  class=\"\"><span  style=\"font-weight: 600;\">Cl\u00f4ture &amp; feedback collectif<\/span><br >\r\n<br ><span  style=\"font-weight: 600;\">Retour sur la journ\u00e9e : apprentissages et \u00e9motions<\/span><br >\r\n<br ><br ><br ><span  style=\"font-weight: 600;\">Mot de conclusion de la direction<\/span><br ><br ><span  style=\"font-weight: 600;\">Ap\u00e9ritif de cl\u00f4ture \/ moment convivial<\/span><\/div>  <div  class=\"scribens-layout\"><\/div><div  class=\"scribens-layout\"><\/div><div  class=\"scribens-layout\"><\/div><\/div> <\/div><\/div> <\/div><\/div><div  data-label=\"Options\" data-id=\"content--1\" data-export-id=\"content-8\" data-category=\"content\" class=\"content-8 content-section content-section-spacing\" id=\"options\"><div  class=\"gridContainer\"> <div  class=\"row middle-sm\"><div  class=\"col-sm-6 space-bottom-xs space-top-xs\" data-type=\"column\"> <img  decoding=\"async\" class=\"shadow-large\" src=\"https:\/\/izaki-sports-academy.com\/sejours-pays-basque\/wp-content\/uploads\/2025\/12\/seminaires_team_buildings_pays_basque_izaki-9.jpg\" title=\"seminaires_team_buildings_pays_basque_izaki (9)\" alt=\"\"><\/div> <div  class=\"col-sm-6\" data-type=\"column\"><h2  class=\"\">OPTIONS SELON OBJECTIFS<\/h2> <p  class=\"\"><b >D\u00e9tente &amp; l\u00e2cher prise&nbsp;<\/b>: Massage, yoga du rire<br ><b >\r\nCommunication<\/b>&nbsp;: cercle de parole, jeux de r\u00f4le<br ><b >\r\nReconnaissance<\/b>&nbsp;: Arbre de valeur, mur des compliments<br ><b >\r\nBien-\u00eatre :&nbsp;<\/b>Yoga, marche en nature, m\u00e9ditation de groupe<\/p> <a  class=\"button color1\" href=\"https:\/\/izaki-sports-academy.com\/sejours-pays-basque\/sejours-entreprises\/#demande-devis\" target=\"_self\" data-cp-link=\"1\" data-icon=\"\">Contact<\/a><\/div> <\/div><\/div> <\/div>","protected":false},"excerpt":{"rendered":"<p>ACCESSIBILIT\u00c9 Par la route, le train ou les airs. H\u00c9BERGEMENT \/ PENSION Du bungalow toil\u00e9 \u00e0 l\u2019h\u00f4tel 4* DATES &amp; DUREE D\u2019une journ\u00e9e \u00e0 plusieurs jours au moment o\u00f9 vous en \u00e9prouvez le besoin. S\u00c9MINAIRE \u00c9QUIPES TPE, PME et ETI. Ces s\u00e9jours team building et incentive bien-\u00eatre sont con\u00e7us pour les salari\u00e9s et cadres de&hellip; <br \/> <a class=\"read-more\" href=\"https:\/\/izaki-sports-academy.com\/sejours-pays-basque\/team-building-tpe-pme\/\">Lire la suite<\/a><\/p>\n","protected":false},"author":2,"featured_media":5576,"parent":0,"menu_order":0,"comment_status":"closed","ping_status":"closed","template":"pro\/page-templates\/full-width-page.php","meta":{"_seopress_robots_primary_cat":"","_seopress_titles_title":"Team Building pour petites \u00e9quipes TPE et PME au Pays Basque","_seopress_titles_desc":"Des exp\u00e9riences de team building au Pays Basque adapt\u00e9es aux petites \u00e9quipes pour renforcer la coh\u00e9sion, la confiance et le plaisir de travailler ensemble.","_seopress_robots_index":"","footnotes":""},"class_list":["post-5465","page","type-page","status-publish","has-post-thumbnail","hentry"],"_links":{"self":[{"href":"https:\/\/izaki-sports-academy.com\/sejours-pays-basque\/wp-json\/wp\/v2\/pages\/5465","targetHints":{"allow":["GET"]}}],"collection":[{"href":"https:\/\/izaki-sports-academy.com\/sejours-pays-basque\/wp-json\/wp\/v2\/pages"}],"about":[{"href":"https:\/\/izaki-sports-academy.com\/sejours-pays-basque\/wp-json\/wp\/v2\/types\/page"}],"author":[{"embeddable":true,"href":"https:\/\/izaki-sports-academy.com\/sejours-pays-basque\/wp-json\/wp\/v2\/users\/2"}],"replies":[{"embeddable":true,"href":"https:\/\/izaki-sports-academy.com\/sejours-pays-basque\/wp-json\/wp\/v2\/comments?post=5465"}],"version-history":[{"count":12,"href":"https:\/\/izaki-sports-academy.com\/sejours-pays-basque\/wp-json\/wp\/v2\/pages\/5465\/revisions"}],"predecessor-version":[{"id":5575,"href":"https:\/\/izaki-sports-academy.com\/sejours-pays-basque\/wp-json\/wp\/v2\/pages\/5465\/revisions\/5575"}],"wp:featuredmedia":[{"embeddable":true,"href":"https:\/\/izaki-sports-academy.com\/sejours-pays-basque\/wp-json\/wp\/v2\/media\/5576"}],"wp:attachment":[{"href":"https:\/\/izaki-sports-academy.com\/sejours-pays-basque\/wp-json\/wp\/v2\/media?parent=5465"}],"curies":[{"name":"wp","href":"https:\/\/api.w.org\/{rel}","templated":true}]}}