{"id":5461,"date":"2025-12-14T22:36:08","date_gmt":"2025-12-14T21:36:08","guid":{"rendered":"https:\/\/izaki-sports-academy.com\/sejours-pays-basque\/?page_id=5461"},"modified":"2025-12-19T09:47:44","modified_gmt":"2025-12-19T08:47:44","slug":"team-building-secteurs-sous-tension","status":"publish","type":"page","link":"https:\/\/izaki-sports-academy.com\/sejours-pays-basque\/team-building-secteurs-sous-tension\/","title":{"rendered":"S\u00e9minaires &#038; Team buildings pour Enseignants et Soignants"},"content":{"rendered":"<div  data-label=\"Overlappable\" data-id=\"overlappable--2\" data-export-id=\"overlappable-4\" data-category=\"overlappable\" class=\"overlappable-4 content-section content-section-spacing\" data-overlap=\"true\" id=\"overlappable-2\"><div  class=\"gridContainer\"> <div  data-type=\"row\" class=\"row spaced-cols text-center\"><div  class=\"col-xs-12 col-sm-4 col-padding\"> <i  class=\"fa icon shadow-large-black aligncenter fa-globe reverse round large color1\"><\/i> <div  data-type=\"column\" class=\"\"> <h5  class=\"\">ACCESSIBILIT\u00c9<\/h5> <p  class=\"\">Par la route, le train ou les airs.<\/p><\/div> <\/div> <div  class=\"col-xs-12 col-sm-4 col-padding\"> <i  class=\"fa icon shadow-large-black aligncenter fa-home reverse round large color1\"><\/i> <div  data-type=\"column\" class=\"\"><h5  class=\"\">H\u00c9BERGEMENT \/ PENSION<\/h5> <p  class=\"\">Du bungalow toil\u00e9 \u00e0 l\u2019h\u00f4tel 4*<\/p><\/div> <\/div> <div  class=\"col-xs-12 col-sm-4 col-padding\"> <i  class=\"fa icon shadow-large-black aligncenter fa-calendar reverse round large color1\"><\/i> <div  data-type=\"column\" class=\"\"><h5  class=\"\">DATES &amp; DUREE<\/h5> <p  class=\"\">D\u2019une journ\u00e9e \u00e0 plusieurs jours au moment o\u00f9 vous en \u00e9prouvez le besoin.<\/p><\/div> <\/div><\/div> <\/div><\/div><div  data-label=\"About\" data-id=\"about--1\" data-export-id=\"about-10\" data-category=\"about\" class=\"about-10 content-section content-section-spacing\" id=\"about-1\"><div  class=\"gridContainer\"> <div  class=\"row middle-sm text-center\"><div  class=\"col-sm-5 space-bottom-xs content-column\" data-type=\"column\"> <h5  class=\"\">S\u00c9MINAIRE \u00c9QUIPES DE SOIGNANTS ET D\u2019ENSEIGNANTS<\/h5> <h2  class=\"\">Une journ\u00e9e de team building pour les personnels sous tension vise avant tout \u00e0 renforcer la coh\u00e9sion, valoriser les \u00e9quipes, pr\u00e9venir l\u2019\u00e9puisement professionnel et raviver le sens du m\u00e9tier dans un contexte souvent exigeant.<\/h2> <p  class=\"\">Plusieurs raisons \u00e0 cette ou ces journ\u00e9e(s) en dehors de l\u2019enceinte professionnelle.<br >\r\nElle vise, en premier lieu, \u00e0 utiliser des outils concrets de l\u00e2cher-prise et de r\u00e9gulation \u00e9motionnelle permettent d\u2019\u00eatre plus efficaces et moins r\u00e9actifs face aux situations difficiles. Par cons\u00e9quent, par la r\u00e9duction du stress et du risque de burn-out, les repos deviendront plus efficients<br >\r\nPour la concentration, l\u2019empathie et la vigilance, essentielles pour la qualit\u00e9 des prestations.<br >Enfin, le programme encourage le renforcement du soutien mutuel r\u00e9duisant les tensions interpersonnelles et am\u00e9liorant la collaboration au sein des services.<br >\u00c0 d\u00e9cliner sur plusieurs jours !<\/p> <a  class=\"button color1\" href=\"https:\/\/izaki-sports-academy.com\/sejours-pays-basque\/sejours-entreprises\/#demande-devis\" target=\"_self\" data-cp-link=\"1\" data-icon=\"\">Je vous contacte !<\/a><\/div> <div  class=\"col-sm-7 flexbox middle-xs center-xs space-bottom-xs\"><div  class=\"overlay-box middle-xs center-xs flexbox\"> <div  class=\"overlay-box-offset offset-border shadow-medium border-color1 hide-xs\"><\/div> <img  decoding=\"async\" class=\"shadow-large\" data-size=\"485x705\" src=\"https:\/\/izaki-sports-academy.com\/sejours-pays-basque\/wp-content\/uploads\/2025\/12\/seminaires_team_buildings_pays_basque_izaki-400-x-600-px-1.jpg\" title=\"seminaires_team_buildings_pays_basque_izaki (400 x 600 px) (1)\" alt=\"\"><\/div> <\/div><\/div> <\/div><\/div><div  data-label=\"Overlappable\" data-id=\"overlappable--1\" data-export-id=\"overlappable-5\" data-category=\"overlappable\" class=\"overlappable-5 content-section content-section-spacing\" data-overlap=\"true\" id=\"overlappable-1\"><div  class=\"gridContainer\"> <div  data-type=\"row\" class=\"row shadow-medium bg-color-white\"><div  class=\"col-xs-12 col-sm-4 col-padding col-padding-xs bg-color-white\"> <div  class=\"row middle-sm\"><div  class=\"col-xs-12 col-sm-fit icon-column\"> <a  data-cp-link=\"1\" href=\"#\" target=\"_self\"><i  class=\"fa icon fa-thumbs-o-up bordered round color2\"><\/i><\/a><\/div> <div  data-type=\"column\" class=\"col-xs-12 col-sm v-spacing\"><h5  class=\"\">Encadr\u00e9s par des professionnels dipl\u00f4m\u00e9s, comp\u00e9tents et&nbsp; passionn\u00e9s.<\/h5><\/div> <\/div> <div  class=\"row\"> <div  class=\"col-xs-12 col-sm-12\" data-type=\"column\">  <\/div> <\/div><\/div> <div  class=\"col-xs-12 col-sm-4 col-padding col-padding-xs bg-color-white\"><div  class=\"row middle-sm\"> <div  class=\"col-xs-12 col-sm-fit icon-column\"><i  class=\"fa icon fa-group bordered round color2\"><\/i><\/div> <div  data-type=\"column\" class=\"col-xs-12 col-sm v-spacing\"><h5  class=\"\">Petits<br >\r\ngroupes pour une exp\u00e9rience personnalis\u00e9e.<\/h5><\/div> <\/div> <div  class=\"row\"> <div  class=\"col-xs-12 col-sm-12\" data-type=\"column\">  <\/div> <\/div><\/div> <div  class=\"col-xs-12 col-sm-4 col-padding col-padding-xs bg-color-white\"><div  class=\"row middle-sm\"> <div  class=\"col-xs-12 col-sm-fit icon-column\"><i  class=\"fa icon fa-cutlery bordered round color2\"><\/i><\/div> <div  data-type=\"column\" class=\"col-xs-12 col-sm v-spacing\"><h5  class=\"\">Cuisine locale et produits du terroir.<\/h5><\/div> <\/div> <div  class=\"row\"> <div  class=\"col-xs-12 col-sm-12\" data-type=\"column\">  <\/div> <\/div><\/div> <div  class=\"col-xs-12 col-sm-4 col-padding col-padding-xs bg-color-white\"> <div  class=\"row middle-sm\"><div  class=\"col-xs-12 col-sm-fit icon-column\"> <a  data-cp-link=\"1\" href=\"#\" target=\"_self\"><i  class=\"fa icon fa-car bordered round color2\"><\/i><\/a><\/div> <div  data-type=\"column\" class=\"col-xs-12 col-sm v-spacing\"><h5  class=\"\">Navette<br >\r\ndepuis la gare d\u2019Hendaye ou l\u2019a\u00e9roport de Biarritz.<\/h5><div  class=\"scribens-layout\"><\/div><\/div> <\/div> <div  class=\"row\"> <div  class=\"col-xs-12 col-sm-12\" data-type=\"column\">  <\/div> <\/div><\/div><div  class=\"col-xs-12 col-sm-4 col-padding col-padding-xs bg-color-white\"> <div  class=\"row middle-sm\"><div  class=\"col-xs-12 col-sm-fit icon-column\"> <a  data-cp-link=\"1\" href=\"#\" target=\"_self\"><i  class=\"fa icon fa-plus bordered round color2\"><\/i><\/a><\/div> <div  data-type=\"column\" class=\"col-xs-12 col-sm v-spacing\"><h5  class=\"\">Chambre individuelle<br >Massage\r\n<br >Initiation paddle tennis<br >Initiation pelote basque\r\n<br >Randonn\u00e9es\r\n<br >Ateliers cuisine<\/h5><div  class=\"scribens-layout\"><\/div><\/div> <\/div> <div  class=\"row\"> <div  class=\"col-xs-12 col-sm-12\" data-type=\"column\">  <\/div> <\/div><\/div><div  class=\"col-xs-12 col-sm-4 col-padding col-padding-xs bg-color-white\"> <div  class=\"row middle-sm\"><div  class=\"col-xs-12 col-sm-fit icon-column\"> <a  data-cp-link=\"1\" href=\"#\" target=\"_self\"><i  class=\"fa icon fa-map-o bordered round color2\"><\/i><\/a><\/div> <div  data-type=\"column\" class=\"col-xs-12 col-sm v-spacing\"><h5  class=\"\">Des journ\u00e9es, s\u00e9jours et programmes \u00e0 la carte r\u00e9pondant uniquement \u00e0 vos besoins.<\/h5><\/div> <\/div> <div  class=\"row\"> <div  class=\"col-xs-12 col-sm-12\" data-type=\"column\">  <\/div> <\/div><\/div><\/div><\/div> <\/div><div  data-label=\"Exemple de programme\" data-id=\"pricing--2\" data-export-id=\"pricing-1\" data-category=\"pricing\" data-featured-class=\"pricing-featured\" class=\"pricing-1 content-section content-section-spacing\" id=\"exemple-de-programme\"><div  class=\"gridContainer\"> <div  class=\"row\"><div  data-type=\"column\" class=\"section-title-col\"> <h2  class=\"text-center\">Exemple de programme<\/h2> <p  class=\"lead\">Pour compl\u00e9ter votre s\u00e9jours \u00e0 votre guise et l\u2019optimiser au maximum, vous pouvez y ajouter des options. Vous le rendrez encore plus en ad\u00e9quation avec vos envies du moment.<\/p><\/div> <\/div> <div  data-type=\"row\" class=\"row spaced-cols\">    <div  class=\"col-xs-12 col-sm-6 text-center pricing-featured col-md-4 \"> <div  class=\"card rounded shadow-large\" data-default=\"shadow-small\" data-featured=\"shadow-large\" data-type=\"column\"> <h3  class=\"font-300 upper\">MATIN COH\u00c9SION<\/h3>  <p  class=\"small custom-color color-black\"><\/p><div  class=\"\"><span  style=\"font-size: 0.875em; font-weight: 600;\">Accueil &amp; caf\u00e9 de bienvenue<\/span><\/div><div  class=\"\"><\/div><div  class=\"\"><span  style=\"font-weight: 600;\">Distribution des badges, brise-glace l\u00e9ger<\/span><\/div><div  class=\"\"><\/div><div  class=\"\"><span  style=\"font-weight: 600;\">Atelier d\u2019ouverture : \u201cNotre mission notre fiert\u00e9\u201d<\/span><\/div><div  class=\"\"><\/div><div  class=\"\"><span  style=\"font-weight: 600;\">Animation participative (mind mapping collectif ou world caf\u00e9)<\/span><\/div><div  class=\"\"><span  style=\"font-weight: 600;\">Discussion sur \u00ab&nbsp;pourquoi avons-nous choisi ce m\u00e9tier&nbsp;\u00bb<\/span><\/div><div  class=\"\">\r\n<\/div><div  class=\"\"><\/div><div  class=\"\"><span  style=\"font-weight: 600;\">Pause caf\u00e9 &amp; \u00e9changes informels<\/span><\/div><div  class=\"\"><\/div><div  class=\"\"><span  style=\"font-weight: 600;\">Activit\u00e9 de coh\u00e9sion ludique<\/span><\/div><div  class=\"\"><span  style=\"font-weight: 600;\">Exemples :<\/span><\/div><div  class=\"\"><\/div><div  class=\"\"><span  style=\"font-weight: 600;\">Escape game : jeu collaboratif sur les valeurs de solidarit\u00e9 et l\u2019entraide<\/span><\/div><div  class=\"\"><span  style=\"font-weight: 600;\">Challenge \u00ab&nbsp;Cr\u00e9er un symbole du soin&nbsp;\u00bb<\/span><\/div><div  class=\"\"><span  style=\"font-weight: 600;\">Atelier outdoor (mini olympiades, orientation, sport co\u2026)<\/span><\/div><div  class=\"\"><span  style=\"font-weight: 600;\">D\u00e9jeuner convivial<\/span><\/div><div  class=\"\"><span  style=\"font-weight: 600;\">Buffet ou pique-nique pour favoriser les discussions transverses. (m\u00e9t\u00e9o)<\/span><\/div><div  class=\"\"><\/div>  <div  class=\"scribens-layout\"><\/div><\/div> <\/div><div  class=\"col-xs-12 col-sm-6 text-center pricing-featured col-md-4 \"> <div  class=\"card rounded shadow-large\" data-default=\"shadow-small\" data-featured=\"shadow-large\" data-type=\"column\"> <h3  class=\"font-300 upper\">APR\u00c8S-MIDI bien-\u00eatre et ressourcement<\/h3>  <div  class=\"\"><br >\r\n\r\n<br ><br >\r\n<br ><br ><span  style=\"font-weight: 600;\">Ateliers tournants&nbsp; en petits groupes&nbsp;<\/span><br ><span  style=\"font-weight: 600;\">massage assis, relaxation guid\u00e9e, spa thalasso, yoga du rire, sophrologie, atelier cr\u00e9atif, expression \u00e9motionnelle\u2026<\/span><br ><br ><span  style=\"font-weight: 600;\">Pause go\u00fbter<\/span><br ><br ><br ><\/div><div  class=\"\"><\/div>  <div  class=\"scribens-layout\"><\/div><div  class=\"scribens-layout\"><\/div><div  class=\"scribens-layout\"><\/div><\/div> <\/div><div  class=\"col-xs-12 col-sm-6 text-center pricing-featured col-md-4 \"> <div  class=\"card rounded shadow-large\" data-default=\"shadow-small\" data-featured=\"shadow-large\" data-type=\"column\"> <h3  class=\"font-300 upper\">CL\u00d4TURE ET SOIR\u00c9E<\/h3>  <p  class=\"small custom-color color-black\"><\/p><div  class=\"\"><span  style=\"font-weight: 600;\">Cl\u00f4ture &amp; feedback collectif<\/span><br >\r\n<br ><span  style=\"font-weight: 600;\">Retour sur la journ\u00e9e : apprentissages et \u00e9motions<\/span><br >\r\n<br ><span  style=\"font-weight: 600;\">Mot de conclusion de la direction\r\n<\/span><br ><br ><br ><br ><span  style=\"font-weight: 600;\">Ap\u00e9ritif de cl\u00f4ture \/ moment convivial<\/span><\/div>  <div  class=\"scribens-layout\"><\/div><div  class=\"scribens-layout\"><\/div><div  class=\"scribens-layout\"><\/div><\/div> <\/div><\/div> <\/div><\/div><div  data-label=\"Options\" data-id=\"content--1\" data-export-id=\"content-8\" data-category=\"content\" class=\"content-8 content-section content-section-spacing\" id=\"options\"><div  class=\"gridContainer\"> <div  class=\"row middle-sm\"><div  class=\"col-sm-6 space-bottom-xs space-top-xs\" data-type=\"column\"> <img  decoding=\"async\" class=\"shadow-large\" src=\"https:\/\/izaki-sports-academy.com\/sejours-pays-basque\/wp-content\/uploads\/2025\/12\/seminaires_team_buildings_pays_basque_izaki-10.jpg\" title=\"seminaires_team_buildings_pays_basque_izaki (10)\" alt=\"\"><\/div> <div  class=\"col-sm-6\" data-type=\"column\"><h2  class=\"\">OPTIONS SELON OBJECTIFS<\/h2> <p  class=\"\"><b >Coh\u00e9sion d\u2019\u00e9quipe<\/b>&nbsp;: Escape game, challenge collaboratif<br ><b >\r\nGestion des conflits<\/b>&nbsp;: Atelier communication non violente<br ><b >\r\nCommunication<\/b>&nbsp;: Cercle de parole, jeux d\u2019\u00e9coute<br ><b >\r\nD\u00e9tente &amp; l\u00e2cher prise<\/b>&nbsp;: Atelier de respiration<br ><b >\r\nBien-\u00eatre :&nbsp;<\/b>Yoga, marche en nature, m\u00e9ditation de groupe<\/p> <a  class=\"button color1\" href=\"https:\/\/izaki-sports-academy.com\/sejours-pays-basque\/sejours-entreprises\/#demande-devis\" target=\"_self\" data-cp-link=\"1\" data-icon=\"\">Contact<\/a><\/div> <\/div><\/div> <\/div>","protected":false},"excerpt":{"rendered":"<p>ACCESSIBILIT\u00c9 Par la route, le train ou les airs. H\u00c9BERGEMENT \/ PENSION Du bungalow toil\u00e9 \u00e0 l\u2019h\u00f4tel 4* DATES &amp; DUREE D\u2019une journ\u00e9e \u00e0 plusieurs jours au moment o\u00f9 vous en \u00e9prouvez le besoin. S\u00c9MINAIRE \u00c9QUIPES DE SOIGNANTS ET D\u2019ENSEIGNANTS Une journ\u00e9e de team building pour les personnels sous tension vise avant tout \u00e0 renforcer&hellip; <br \/> <a class=\"read-more\" href=\"https:\/\/izaki-sports-academy.com\/sejours-pays-basque\/team-building-secteurs-sous-tension\/\">Lire la suite<\/a><\/p>\n","protected":false},"author":2,"featured_media":5580,"parent":0,"menu_order":0,"comment_status":"closed","ping_status":"closed","template":"pro\/page-templates\/full-width-page.php","meta":{"_seopress_robots_primary_cat":"","_seopress_titles_title":"Team Building pour soignants et enseignants au Pays Basque","_seopress_titles_desc":"Un temps hors cadre pour rel\u00e2cher la pression, recr\u00e9er du lien et retrouver de l\u2019\u00e9lan collectif dans un environnement naturel et apaisant.","_seopress_robots_index":"","footnotes":""},"class_list":["post-5461","page","type-page","status-publish","has-post-thumbnail","hentry"],"_links":{"self":[{"href":"https:\/\/izaki-sports-academy.com\/sejours-pays-basque\/wp-json\/wp\/v2\/pages\/5461","targetHints":{"allow":["GET"]}}],"collection":[{"href":"https:\/\/izaki-sports-academy.com\/sejours-pays-basque\/wp-json\/wp\/v2\/pages"}],"about":[{"href":"https:\/\/izaki-sports-academy.com\/sejours-pays-basque\/wp-json\/wp\/v2\/types\/page"}],"author":[{"embeddable":true,"href":"https:\/\/izaki-sports-academy.com\/sejours-pays-basque\/wp-json\/wp\/v2\/users\/2"}],"replies":[{"embeddable":true,"href":"https:\/\/izaki-sports-academy.com\/sejours-pays-basque\/wp-json\/wp\/v2\/comments?post=5461"}],"version-history":[{"count":9,"href":"https:\/\/izaki-sports-academy.com\/sejours-pays-basque\/wp-json\/wp\/v2\/pages\/5461\/revisions"}],"predecessor-version":[{"id":5579,"href":"https:\/\/izaki-sports-academy.com\/sejours-pays-basque\/wp-json\/wp\/v2\/pages\/5461\/revisions\/5579"}],"wp:featuredmedia":[{"embeddable":true,"href":"https:\/\/izaki-sports-academy.com\/sejours-pays-basque\/wp-json\/wp\/v2\/media\/5580"}],"wp:attachment":[{"href":"https:\/\/izaki-sports-academy.com\/sejours-pays-basque\/wp-json\/wp\/v2\/media?parent=5461"}],"curies":[{"name":"wp","href":"https:\/\/api.w.org\/{rel}","templated":true}]}}