{"id":5444,"date":"2025-12-09T17:11:13","date_gmt":"2025-12-09T16:11:13","guid":{"rendered":"https:\/\/izaki-sports-academy.com\/sejours-pays-basque\/?page_id=5444"},"modified":"2025-12-19T09:50:47","modified_gmt":"2025-12-19T08:50:47","slug":"team-building-managers","status":"publish","type":"page","link":"https:\/\/izaki-sports-academy.com\/sejours-pays-basque\/team-building-managers\/","title":{"rendered":"S\u00e9minaires &#038; Team buildings pour Managers Equipe de direction"},"content":{"rendered":"<div  data-label=\"Overlappable\" data-id=\"overlappable--2\" data-export-id=\"overlappable-4\" data-category=\"overlappable\" class=\"overlappable-4 content-section content-section-spacing\" data-overlap=\"true\" id=\"overlappable-2\"><div  class=\"gridContainer\"> <div  data-type=\"row\" class=\"row spaced-cols text-center\"><div  class=\"col-xs-12 col-sm-4 col-padding\"> <i  class=\"fa icon shadow-large-black aligncenter fa-globe reverse round large color1\"><\/i> <div  data-type=\"column\" class=\"\"> <h5  class=\"\">ACCESSIBILIT\u00c9<\/h5> <p  class=\"\">Par la route, le train ou les airs.<\/p><\/div> <\/div> <div  class=\"col-xs-12 col-sm-4 col-padding\"> <i  class=\"fa icon shadow-large-black aligncenter fa-home reverse round large color1\"><\/i> <div  data-type=\"column\" class=\"\"><h5  class=\"\">H\u00c9BERGEMENT \/ PENSION<\/h5> <p  class=\"\">Du bungalow toil\u00e9 \u00e0 l\u2019h\u00f4tel 4*<\/p><\/div> <\/div> <div  class=\"col-xs-12 col-sm-4 col-padding\"> <i  class=\"fa icon shadow-large-black aligncenter fa-calendar reverse round large color1\"><\/i> <div  data-type=\"column\" class=\"\"><h5  class=\"\">DATES &amp; DUREE<\/h5> <p  class=\"\">D\u2019une journ\u00e9e \u00e0 plusieurs jours au moment o\u00f9 vous en \u00e9prouvez le besoin.<\/p><\/div> <\/div><\/div> <\/div><\/div><div  data-label=\"About\" data-id=\"about--1\" data-export-id=\"about-10\" data-category=\"about\" class=\"about-10 content-section content-section-spacing\" id=\"about-1\"><div  class=\"gridContainer\"> <div  class=\"row middle-sm text-center\"><div  class=\"col-sm-5 space-bottom-xs content-column\" data-type=\"column\"> <h5  class=\"\">S\u00c9MINAIRE MANAGERS \u00c9QUIPES DE DIRECTION<\/h5> <h2  class=\"\">Une journ\u00e9e team building pour managers d\u2019entreprise qui vise \u00e0 renforcer la coh\u00e9sion, le leadership collaboratif, la communication et la prise de d\u00e9cision entre pairs.<\/h2> <p  class=\"\">Cette journ\u00e9e a \u00e9t\u00e9 con\u00e7ue pour renforcer la coh\u00e9sion entre les managers, consolider les liens et installer une dynamique collective durable. Elle vise \u00e9galement \u00e0 d\u00e9velopper la confiance et la qualit\u00e9 de communication entre les \u00e9quipes, en favorisant des \u00e9changes plus fluides et une compr\u00e9hension mutuelle accrue. Nous cr\u00e9ons les conditions pour partager les bonnes pratiques manag\u00e9riales, aligner les approches et faire \u00e9merger des solutions communes. Enfin, le programme encourage la cr\u00e9ativit\u00e9 et la motivation, afin d\u2019ouvrir de nouvelles perspectives, stimuler l\u2019innovation et renforcer l\u2019engagement autour des objectifs de l\u2019entreprise.\n<br >\u00c0 d\u00e9cliner sur plusieurs jours !<\/p> <a  class=\"button color1\" href=\"https:\/\/izaki-sports-academy.com\/sejours-pays-basque\/sejours-entreprises\/#demande-devis\" target=\"_self\" data-cp-link=\"1\" data-icon=\"\">Je vous contacte !<\/a><\/div> <div  class=\"col-sm-7 flexbox middle-xs center-xs space-bottom-xs\"><div  class=\"overlay-box middle-xs center-xs flexbox\"> <div  class=\"overlay-box-offset offset-border shadow-medium border-color1 hide-xs\"><\/div> <img  decoding=\"async\" class=\"shadow-large\" data-size=\"485x705\" src=\"https:\/\/izaki-sports-academy.com\/sejours-pays-basque\/wp-content\/uploads\/2025\/12\/seminaires_team_buildings_pays_basque_izaki-400-x-600-px-1.jpg\" title=\"seminaires_team_buildings_pays_basque_izaki (400 x 600 px) (1)\" alt=\"\"><\/div> <\/div><\/div> <\/div><\/div><div  data-label=\"Overlappable\" data-id=\"overlappable--1\" data-export-id=\"overlappable-5\" data-category=\"overlappable\" class=\"overlappable-5 content-section content-section-spacing\" data-overlap=\"true\" id=\"overlappable-1\"><div  class=\"gridContainer\"> <div  data-type=\"row\" class=\"row shadow-medium bg-color-white\"><div  class=\"col-xs-12 col-sm-4 col-padding col-padding-xs bg-color-white\"> <div  class=\"row middle-sm\"><div  class=\"col-xs-12 col-sm-fit icon-column\"> <a  data-cp-link=\"1\" href=\"#\" target=\"_self\"><i  class=\"fa icon fa-thumbs-o-up bordered round color2\"><\/i><\/a><\/div> <div  data-type=\"column\" class=\"col-xs-12 col-sm v-spacing\"><h5  class=\"\">Encadr\u00e9s par des professionnels dipl\u00f4m\u00e9s, comp\u00e9tents et&nbsp; passionn\u00e9s.<\/h5><\/div> <\/div> <div  class=\"row\"> <div  class=\"col-xs-12 col-sm-12\" data-type=\"column\">  <\/div> <\/div><\/div> <div  class=\"col-xs-12 col-sm-4 col-padding col-padding-xs bg-color-white\"><div  class=\"row middle-sm\"> <div  class=\"col-xs-12 col-sm-fit icon-column\"><i  class=\"fa icon fa-group bordered round color2\"><\/i><\/div> <div  data-type=\"column\" class=\"col-xs-12 col-sm v-spacing\"><h5  class=\"\">Petits<br >\ngroupes pour une exp\u00e9rience personnalis\u00e9e.<\/h5><\/div> <\/div> <div  class=\"row\"> <div  class=\"col-xs-12 col-sm-12\" data-type=\"column\">  <\/div> <\/div><\/div> <div  class=\"col-xs-12 col-sm-4 col-padding col-padding-xs bg-color-white\"><div  class=\"row middle-sm\"> <div  class=\"col-xs-12 col-sm-fit icon-column\"><i  class=\"fa icon fa-cutlery bordered round color2\"><\/i><\/div> <div  data-type=\"column\" class=\"col-xs-12 col-sm v-spacing\"><h5  class=\"\">Cuisine locale et produits du terroir.<\/h5><\/div> <\/div> <div  class=\"row\"> <div  class=\"col-xs-12 col-sm-12\" data-type=\"column\">  <\/div> <\/div><\/div> <div  class=\"col-xs-12 col-sm-4 col-padding col-padding-xs bg-color-white\"> <div  class=\"row middle-sm\"><div  class=\"col-xs-12 col-sm-fit icon-column\"> <a  data-cp-link=\"1\" href=\"#\" target=\"_self\"><i  class=\"fa icon fa-car bordered round color2\"><\/i><\/a><\/div> <div  data-type=\"column\" class=\"col-xs-12 col-sm v-spacing\"><h5  class=\"\">Navette<br >\ndepuis la gare d\u2019Hendaye ou l\u2019a\u00e9roport de Biarritz.<\/h5><div  class=\"scribens-layout\"><\/div><\/div> <\/div> <div  class=\"row\"> <div  class=\"col-xs-12 col-sm-12\" data-type=\"column\">  <\/div> <\/div><\/div><div  class=\"col-xs-12 col-sm-4 col-padding col-padding-xs bg-color-white\"> <div  class=\"row middle-sm\"><div  class=\"col-xs-12 col-sm-fit icon-column\"> <a  data-cp-link=\"1\" href=\"#\" target=\"_self\"><i  class=\"fa icon fa-plus bordered round color2\"><\/i><\/a><\/div> <div  data-type=\"column\" class=\"col-xs-12 col-sm v-spacing\"><h5  class=\"\">Chambre individuelle<br >Massage\n<br >Initiation paddle tennis<br >Initiation pelote basque\n<br >Randonn\u00e9es<\/h5><div  class=\"scribens-layout\"><\/div><\/div> <\/div> <div  class=\"row\"> <div  class=\"col-xs-12 col-sm-12\" data-type=\"column\">  <\/div> <\/div><\/div><div  class=\"col-xs-12 col-sm-4 col-padding col-padding-xs bg-color-white\"> <div  class=\"row middle-sm\"><div  class=\"col-xs-12 col-sm-fit icon-column\"> <a  data-cp-link=\"1\" href=\"#\" target=\"_self\"><i  class=\"fa icon fa-map-o bordered round color2\"><\/i><\/a><\/div> <div  data-type=\"column\" class=\"col-xs-12 col-sm v-spacing\"><h5  class=\"\">Des journ\u00e9es, s\u00e9jours et programmes \u00e0 la carte r\u00e9pondant uniquement \u00e0 vos besoins.<\/h5><\/div> <\/div> <div  class=\"row\"> <div  class=\"col-xs-12 col-sm-12\" data-type=\"column\">  <\/div> <\/div><\/div><\/div><\/div> <\/div><div  data-label=\"Exemple de programme\" data-id=\"pricing--2\" data-export-id=\"pricing-1\" data-category=\"pricing\" data-featured-class=\"pricing-featured\" class=\"pricing-1 content-section content-section-spacing\" id=\"exemple-de-programme\"><div  class=\"gridContainer\"> <div  class=\"row\"><div  data-type=\"column\" class=\"section-title-col\"> <h2  class=\"text-center\">Exemple de programme<\/h2> <p  class=\"lead\">Pour compl\u00e9ter votre s\u00e9jours \u00e0 votre guise et l\u2019optiomiser au maximum, vous pouvez y ajouter des options. Vous le rendrez encore plus en ad\u00e9quation avec vos envies du moment.<\/p><\/div> <\/div> <div  data-type=\"row\" class=\"row spaced-cols\">    <div  class=\"col-xs-12 col-sm-6 text-center pricing-featured col-md-4 \"> <div  class=\"card rounded shadow-large\" data-default=\"shadow-small\" data-featured=\"shadow-large\" data-type=\"column\"> <h3  class=\"font-300 upper\">MATIN COH\u00c9SION<\/h3>  <p  class=\"small custom-color color-black\"><\/p><div  class=\"\"><span  style=\"font-size: 0.875em; font-weight: 600;\">Accueil &amp; caf\u00e9 de bienvenue<\/span><\/div><div  class=\"\"><\/div><div  class=\"\"><span  style=\"font-weight: 600;\">Distribution des badges, brise-glace l\u00e9ger<\/span><\/div><div  class=\"\"><\/div><div  class=\"\"><span  style=\"font-weight: 600;\">Atelier d\u2019ouverture : \u201cNotre vision commune du management\u201d<\/span><\/div><div  class=\"\"><\/div><div  class=\"\"><span  style=\"font-weight: 600;\">Animation participative (mind mapping collectif ou world caf\u00e9)<\/span><\/div><div  class=\"\"><span  style=\"font-weight: 600;\">Discussion sur les valeurs manag\u00e9riales cl\u00e9s de l\u2019entreprise<\/span><\/div><div  class=\"\">\n<br ><span  style=\"font-weight: 600;\">Objectif : cr\u00e9er un cadre commun de r\u00e9f\u00e9rence<\/span><\/div><div  class=\"\"><\/div><div  class=\"\"><span  style=\"font-weight: 600;\">Pause caf\u00e9 &amp; \u00e9changes informels<\/span><\/div><div  class=\"\"><\/div><div  class=\"\"><span  style=\"font-weight: 600;\">Activit\u00e9 de coh\u00e9sion<\/span><\/div><div  class=\"\"><span  style=\"font-weight: 600;\">Exemples :<\/span><\/div><div  class=\"\"><\/div><div  class=\"\"><span  style=\"font-weight: 600;\">Escape game sur le th\u00e8me du leadership et de la coop\u00e9ration<\/span><\/div><div  class=\"\"><span  style=\"font-weight: 600;\">Challenge construction (ex : tour en Kapla, pont en carton, etc.)<\/span><\/div><div  class=\"\"><span  style=\"font-weight: 600;\">Atelier outdoor (mini olympiades, orientation, ou atelier de survie douce)\n<\/span><\/div><div  class=\"\"><span  style=\"font-weight: 600;\">D\u00e9jeuner convivial<\/span><\/div><div  class=\"\"><span  style=\"font-weight: 600;\">Repas partag\u00e9 ou buffet pour favoriser les discussions transverses.<\/span><\/div><div  class=\"\"><\/div>  <div  class=\"scribens-layout\" style=\"all: initial;\"><\/div><\/div> <\/div><div  class=\"col-xs-12 col-sm-6 text-center pricing-featured col-md-4 \"> <div  class=\"card rounded shadow-large\" data-default=\"shadow-small\" data-featured=\"shadow-large\" data-type=\"column\"> <h3  class=\"font-300 upper\">APR\u00c8S-MIDI LEADERSHIP<\/h3>  <p  class=\"small custom-color color-black\"><\/p><div  class=\"\"><span  style=\"font-weight: 600;\">Leadership et collaboration<\/span><br >\n\n<br ><span  style=\"font-weight: 600;\">14h00 \u2013 Atelier de co-d\u00e9veloppement manag\u00e9rial<\/span><br >\n<br ><br ><span  style=\"font-weight: 600;\">Travail en petits groupes sur des probl\u00e9matiques concr\u00e8tes de management<\/span><br ><span  style=\"font-weight: 600;\">M\u00e9thode de co-d\u00e9veloppement (chaque participant expose une situation, les autres proposent des pistes d\u2019action)\n<\/span><br ><br ><span  style=\"font-weight: 600;\">Pause caf\u00e9\n<\/span><br ><br ><span  style=\"font-weight: 600;\">Activit\u00e9 ludique ou cr\u00e9ative<\/span><br ><span  style=\"font-weight: 600;\">\nExemples :<\/span><br ><span  style=\"font-weight: 600;\">Atelier th\u00e9\u00e2tre d\u2019impro \u201cmanager autrement\u201d<\/span><br ><span  style=\"font-weight: 600;\">Atelier musical collectif (percussions, ch\u0153ur d\u2019entreprise)<\/span><br ><span  style=\"font-weight: 600;\">Atelier RSE (responsabilit\u00e9 Sociale des Entreprises) : cr\u00e9ation d\u2019un projet \u00e0 impact (plantation, solidarit\u00e9, innovation durable)<\/span><\/div><div  class=\"\"><\/div>  <div  class=\"scribens-layout\" style=\"all: initial;\"><\/div><div  class=\"scribens-layout\" style=\"all: initial;\"><\/div><div  class=\"scribens-layout\" style=\"all: initial;\"><\/div><\/div> <\/div><div  class=\"col-xs-12 col-sm-6 text-center pricing-featured col-md-4 \"> <div  class=\"card rounded shadow-large\" data-default=\"shadow-small\" data-featured=\"shadow-large\" data-type=\"column\"> <h3  class=\"font-300 upper\">CL\u00d4TURE ET SOIR\u00c9E<\/h3>  <p  class=\"small custom-color color-black\"><\/p><div  class=\"\"><span  style=\"font-weight: 600;\">Cl\u00f4ture &amp; feedback collectif<\/span><br >\n<br ><span  style=\"font-weight: 600;\">Retour sur la journ\u00e9e : apprentissages et \u00e9motions<\/span><br >\n<br ><span  style=\"font-weight: 600;\">Signature d\u2019un \u201cpacte d\u2019\u00e9quipe manag\u00e9riale\u201d\n<\/span><br ><br ><span  style=\"font-weight: 600;\">Mot de conclusion de la direction<\/span><br ><br ><span  style=\"font-weight: 600;\">Ap\u00e9ritif de cl\u00f4ture \/ moment convivial<\/span><\/div>  <div  class=\"scribens-layout\" style=\"all: initial;\"><\/div><div  class=\"scribens-layout\" style=\"all: initial;\"><\/div><div  class=\"scribens-layout\" style=\"all: initial;\"><\/div><\/div> <\/div><\/div> <\/div><\/div><div  data-label=\"Options\" data-id=\"content--1\" data-export-id=\"content-8\" data-category=\"content\" class=\"content-8 content-section content-section-spacing\" id=\"options\" style=\"background-color: rgb(255, 255, 255);\"><div  class=\"gridContainer\"> <div  class=\"row middle-sm\"><div  class=\"col-sm-6 space-bottom-xs space-top-xs\" data-type=\"column\"> <img  decoding=\"async\" class=\"shadow-large\" src=\"https:\/\/izaki-sports-academy.com\/sejours-pays-basque\/wp-content\/uploads\/2025\/12\/seminaires_team_buildings_pays_basque_izaki-2-2.jpg\" title=\"seminaires_team_buildings_pays_basque_izaki (2)\" alt=\"\"><\/div> <div  class=\"col-sm-6\" data-type=\"column\"><h2  class=\"\">OPTIONS SELON OBJECTIFS<\/h2> <p  class=\"\"><b >Coh\u00e9sion d\u2019\u00e9quipe<\/b>&nbsp;: Escape game, challenge collaboratif<br ><b >\nLeadership<\/b>&nbsp;: Coaching collectif, th\u00e9\u00e2tre d\u2019impro<br ><b >\nCommunication<\/b>&nbsp;: Atelier de co-d\u00e9veloppement<br ><b >\nInnovation<\/b>&nbsp;: Design thinking ou hackathon interne<br ><b >\nBien-\u00eatre :&nbsp;<\/b>Yoga, marche en nature, m\u00e9ditation de groupe<\/p> <a  class=\"button color1\" href=\"https:\/\/izaki-sports-academy.com\/sejours-pays-basque\/sejours-entreprises\/#demande-devis\" target=\"_self\" data-cp-link=\"1\" data-icon=\"\">Contact<\/a><\/div> <\/div><\/div> <\/div>","protected":false},"excerpt":{"rendered":"<p>ACCESSIBILIT\u00c9 Par la route, le train ou les airs. H\u00c9BERGEMENT \/ PENSION Du bungalow toil\u00e9 \u00e0 l\u2019h\u00f4tel 4* DATES &amp; DUREE D\u2019une journ\u00e9e \u00e0 plusieurs jours au moment o\u00f9 vous en \u00e9prouvez le besoin. S\u00c9MINAIRE MANAGERS \u00c9QUIPES DE DIRECTION Une journ\u00e9e team building pour managers d\u2019entreprise qui vise \u00e0 renforcer la coh\u00e9sion, le leadership collaboratif,&hellip; <br \/> <a class=\"read-more\" href=\"https:\/\/izaki-sports-academy.com\/sejours-pays-basque\/team-building-managers\/\">Lire la suite<\/a><\/p>\n","protected":false},"author":3,"featured_media":5584,"parent":0,"menu_order":0,"comment_status":"closed","ping_status":"closed","template":"pro\/page-templates\/full-width-page.php","meta":{"_seopress_robots_primary_cat":"","_seopress_titles_title":"Team Building CODIR et \u00e9quipes de direction au Pays Basque","_seopress_titles_desc":"Un temps d\u00e9di\u00e9 pour fluidifier les relations, am\u00e9liorer les dynamiques de d\u00e9cision et renforcer la confiance au sein des \u00e9quipes dirigeantes.","_seopress_robots_index":"","footnotes":""},"class_list":["post-5444","page","type-page","status-publish","has-post-thumbnail","hentry"],"_links":{"self":[{"href":"https:\/\/izaki-sports-academy.com\/sejours-pays-basque\/wp-json\/wp\/v2\/pages\/5444","targetHints":{"allow":["GET"]}}],"collection":[{"href":"https:\/\/izaki-sports-academy.com\/sejours-pays-basque\/wp-json\/wp\/v2\/pages"}],"about":[{"href":"https:\/\/izaki-sports-academy.com\/sejours-pays-basque\/wp-json\/wp\/v2\/types\/page"}],"author":[{"embeddable":true,"href":"https:\/\/izaki-sports-academy.com\/sejours-pays-basque\/wp-json\/wp\/v2\/users\/3"}],"replies":[{"embeddable":true,"href":"https:\/\/izaki-sports-academy.com\/sejours-pays-basque\/wp-json\/wp\/v2\/comments?post=5444"}],"version-history":[{"count":8,"href":"https:\/\/izaki-sports-academy.com\/sejours-pays-basque\/wp-json\/wp\/v2\/pages\/5444\/revisions"}],"predecessor-version":[{"id":5586,"href":"https:\/\/izaki-sports-academy.com\/sejours-pays-basque\/wp-json\/wp\/v2\/pages\/5444\/revisions\/5586"}],"wp:featuredmedia":[{"embeddable":true,"href":"https:\/\/izaki-sports-academy.com\/sejours-pays-basque\/wp-json\/wp\/v2\/media\/5584"}],"wp:attachment":[{"href":"https:\/\/izaki-sports-academy.com\/sejours-pays-basque\/wp-json\/wp\/v2\/media?parent=5444"}],"curies":[{"name":"wp","href":"https:\/\/api.w.org\/{rel}","templated":true}]}}