{"id":5329,"date":"2025-11-27T19:01:20","date_gmt":"2025-11-27T18:01:20","guid":{"rendered":"https:\/\/izaki-sports-academy.com\/sejours-pays-basque\/?page_id=5329"},"modified":"2025-12-17T11:11:09","modified_gmt":"2025-12-17T10:11:09","slug":"journee-ski","status":"publish","type":"page","link":"https:\/\/izaki-sports-academy.com\/sejours-pays-basque\/journee-ski\/","title":{"rendered":"JOURN\u00c9E SKI"},"content":{"rendered":"<div  data-label=\"Overlappable\" data-id=\"overlappable--2\" data-export-id=\"overlappable-4\" data-category=\"overlappable\" class=\"overlappable-4 content-section content-section-spacing\" data-overlap=\"true\" id=\"overlappable-2\"><div  class=\"gridContainer\"> <div  data-type=\"row\" class=\"row spaced-cols text-center\"><div  class=\"col-xs-12 col-sm-4 col-padding\"> <i  class=\"fa icon shadow-large-black aligncenter fa-users reverse round large color1\"><\/i> <div  data-type=\"column\" class=\"\"> <h5  class=\"\">PUBLIC<\/h5> <p  class=\"\">Ouvert \u00e0 partir de 18 ans,\n<br >Seulement 8 places par journ\u00e9e. \n<br >Id\u00e9al pour des sorties entre amis, coll\u00e8gues ou en famille.<\/p><\/div> <\/div> <div  class=\"col-xs-12 col-sm-4 col-padding\"> <i  class=\"fa icon shadow-large-black aligncenter fa-bus reverse round large color1\"><\/i> <div  data-type=\"column\" class=\"\"><h5  class=\"\">Transport<\/h5> <p  class=\"\">Minibus 9 places au d\u00e9part d\u2019Hendaye pour <a  data-mce-href=\"..\/..\/produit\/journee-ski-gourette\/\" href=\"..\/..\/produit\/journee-ski-gourette\" target=\"_self\" data-mce-selected=\"inline-boundary\" data-cp-link=\"1\" class=\"\">Gourette<\/a> ou <a  data-mce-href=\"..\/..\/produit\/journee-ski-formigal\/\" href=\"..\/..\/produit\/journee-ski-formigal\" target=\"_self\" data-mce-selected=\"inline-boundary\" data-cp-link=\"1\" class=\"\">Formigal<\/a><br >\nPossibilit\u00e9 de r\u00e9cup\u00e9rer les participants au parking Leclerc Drive St Jean de Luz ou aire de co-voiturage Bayonne.<\/p><\/div> <\/div> <div  class=\"col-xs-12 col-sm-4 col-padding\"> <i  class=\"fa icon shadow-large-black aligncenter fa-calendar reverse round large color1\"><\/i> <div  data-type=\"column\" class=\"\"><h5  class=\"\">P\u00c9RIODES<\/h5> <p  class=\"\">Lundi 05 et jeudi 08 janvier 2026, jeudi 22 janvier, lundi 26 et jeudi 29 janvier, lundi 02 et jeudi 05 f\u00e9vrier 2026, lundi 23 et jeudi 26 f\u00e9vrier 2026, lundi 02 et jeudi 05 mars 2026, lundi 9 et jeudi 12 mars 2026<\/p><\/div> <\/div><\/div> <\/div><\/div><div  data-label=\"About\" data-id=\"about--2\" data-export-id=\"about-10\" data-category=\"about\" class=\"about-10 content-section content-section-spacing\" id=\"about-2\" style=\"background-color: rgb(255, 255, 255);\"><div  class=\"gridContainer\"> <div  class=\"row middle-sm text-center\"><div  class=\"col-sm-5 space-bottom-xs content-column\" data-type=\"column\"> <h5  class=\"\">JOURN\u00c9E AU SKI<\/h5> <h2  class=\"\">\u00ab&nbsp;Montez, \n<br >on s\u2019occupe du reste !&nbsp;\u00bb<br >Le ski cl\u00e9 en main, \n<br >sans stress et sans rien \u00e0 organiser.<\/h2> <p  class=\"\">Seul(e), entre amis, en famille ou entre coll\u00e8gues, offrez-vous un moment privil\u00e9gi\u00e9 au ski dans les stations de Gourette ou de Formigal (Espagne) selon vos envies.<br ><b >\nPourquoi ? Pour vous faire du bien !<\/b><br >\nMais aussi parce qu\u2019en pleine semaine, quand tout le monde travaille, vous avez l\u2019impression que la station vous appartient, loin de la foule des vacances et des week-ends. \n<br >Que du bonheur !<br >\nRecharger les batteries ! Oxyg\u00e9nation, sports et plaisir !<br >\nPas besoin d\u2019organiser la route, le parking, les horaires ou les forfaits : on s\u2019occupe de tout !<br >\nVenez et profitez, on vous attend !<\/p> <a  class=\"button color1\" href=\"https:\/\/izaki-sports-academy.com\/categorie-produit\/sejours-adultes\" target=\"_self\" data-cp-link=\"1\" data-icon=\"\">Je m\u2019inscris !<\/a><\/div> <div  class=\"col-sm-7 flexbox middle-xs center-xs space-bottom-xs\"><div  class=\"overlay-box middle-xs center-xs flexbox\"> <div  class=\"overlay-box-offset offset-border shadow-medium border-color1 hide-xs\"><\/div> <img  decoding=\"async\" class=\"shadow-large\" data-size=\"485x705\" src=\"https:\/\/izaki-sports-academy.com\/sejours-pays-basque\/wp-content\/uploads\/2025\/12\/journee_organisee_pyrenees_ski_izaki-2.jpg\" title=\"journee_organisee_pyrenees_ski_izaki (2)\" alt=\"\"><\/div> <\/div><\/div> <\/div><\/div><div  data-label=\"Features\" data-id=\"features--1\" data-export-id=\"features-12-card\" data-category=\"features\" class=\"features-12-card content-section content-section-spacing \" id=\"features-1\" style=\"background-color: rgb(255, 255, 255);\"><div  class=\"gridContainer\"> <div  class=\"row text-center\"><div  class=\"section-title-col\" data-type=\"column\"> <h2  class=\"\">Pourquoi vous faire plaisir avec nous ?<\/h2> <p  class=\"lead\">Une entreprise s\u00e9rieuse. A l\u2019\u00e9coute de vos envies et de vos besoins.&nbsp;<\/p><\/div> <\/div> <div  class=\"row spaced-cols content-center-sm center-sm\" data-type=\"row\"> <div  class=\"col-sm-6\"> <div  class=\"card row-card\"> <div  class=\"row\"> <div  class=\"col-sm-fit icon-column\"> <i  class=\"fa icon fa-bus bordered round color2\"><\/i> <\/div> <div  class=\"col-sm\" data-type=\"column\"> <h5  class=\"color2\">Confort &amp; s\u00e9curit\u00e9<\/h5> <p  class=\"\">\u2022\tTrajets en navette confortable, chauff\u00e9e et \u00e9quip\u00e9e.<br >\n\u2022\tPas de fatigue li\u00e9e \u00e0 la conduite en montagne ni de risques routiers li\u00e9s \u00e0 la neige.<br >\n\u2022\tArriv\u00e9e directement au pied des pistes.<\/p><\/div> <\/div><\/div> <\/div> <div  class=\"col-sm-6\"> <div  class=\"card row-card\"> <div  class=\"row\"> <div  class=\"col-sm-fit icon-column\"> <i  class=\"fa icon fa-cogs bordered round color2\"><\/i> <\/div> <div  class=\"col-sm\" data-type=\"column\"> <h5  class=\"color2\">Optimisation<\/h5> <p  class=\"\">\u2022\tD\u00e9part t\u00f4t, retour tard : temps de ski maximis\u00e9.\n<br >\u2022\tNavette propice aux rencontres, au partage, \u00e0 l\u2019esprit \u00ab sortie collective \u00bb.<\/p><\/div> <\/div><\/div> <\/div>  <div  class=\"col-sm-6\"> <div  class=\"card row-card\"> <div  class=\"row\"> <div  class=\"col-sm-fit icon-column\"> <i  class=\"fa icon fa-envira bordered round color2\"><\/i> <\/div> <div  class=\"col-sm\" data-type=\"column\"> <h5  class=\"color2\">Environnement<\/h5> <p  class=\"\">\u2022\tUn seul transport pour plusieurs skieurs = empreinte carbone r\u00e9duite.<br >\n\u2022\tAlternative durable aux v\u00e9hicules individuels en montagne.\n<br >\u2022 V\u00e9hicule hybride.<\/p><\/div> <\/div><\/div> <\/div><\/div> <\/div><\/div><div  data-label=\"Features\" data-id=\"features--2\" data-export-id=\"features-13-card\" data-category=\"features\" class=\"features-13 content-section content-section-spacing\" id=\"features-2\" style=\"background-color: rgb(255, 255, 255);\"><div  class=\"gridContainer\"> <div  class=\"row text-center\"><div  class=\"section-title-col\" data-type=\"column\"> <h2  class=\"\">Planning \u2013 Programme<\/h2> <p  class=\"lead\">Pour le respect de chacun, il sera demand\u00e9 d\u2019\u00eatre ponctuel. De m\u00eame, il faudra que tout le monde ait remis les documents demand\u00e9s lors de l\u2019inscription, soit une d\u00e9charge de responsabilit\u00e9, une attestation de responsabilit\u00e9 civile et le droit \u00e0 l\u2019image.<\/p><\/div> <\/div> <div  class=\"row spaced-cols center-sm\" data-type=\"row\">   <div  class=\" col-sm-6 col-md-3\"> <div  class=\"card\" data-type=\"column\"> <i  class=\"fa icon fa-list bordered round big color1\"><\/i> <h4  class=\"\">Programme journ\u00e9e ski<\/h4> <p  class=\"\">6h30 \n<br >D\u00e9part d\u2019Hendaye \n<br >(parking Lidl)\n<br >9h\/9h30 \n<br >D\u00e9pose au pied des pistes\n<br >9h\/9h30-16h30 \n<br >Journ\u00e9e Ski<br >16h45 Retour Hendaye\n<br >19h15 D\u00e9pose Hendaye<\/p> <\/div> <\/div> <\/div> <\/div><\/div><div  data-label=\"Pricing\" data-id=\"pricing--1\" data-export-id=\"pricing-1\" data-category=\"pricing\" data-featured-class=\"pricing-featured\" class=\"pricing-1 content-section content-section-spacing\" id=\"pricing-1\" style=\"background-color: rgb(255, 255, 255);\"><div  class=\"gridContainer\"> <div  class=\"row\"><div  data-type=\"column\" class=\"section-title-col\"> <h2  class=\"text-center\">Nos tarifs de lancement<\/h2> <p  class=\"lead\">Le tarif inclut le trajet aller et retour, les p\u00e9ages et le forfait de remont\u00e9es m\u00e9caniques.<\/p><\/div> <\/div> <div  data-type=\"row\" class=\"row spaced-cols\">   <div  class=\"col-xs-12 col-sm-6 text-center col-md-6 pricing-featured\"> <div  class=\"card rounded shadow-large\" data-default=\"shadow-small\" data-featured=\"shadow-large\" data-type=\"column\"> <h3  class=\"font-300 upper\"><span  style=\"font-weight: 300;\">GOURETTE<\/span><\/h3> <h3  class=\"h1\">105\u20ac<\/h3> <p  class=\"small color1 custom-color\">Par personne<\/p> <ul  data-default=\"no-class\" data-featured=\"strong\" class=\"unstyled checked decoration-color1 black text-center strong\"><\/ul> <a  class=\"button upper y-move color3 color2\" href=\"https:\/\/izaki-sports-academy.com\/produit\/jounee-ski-gourette\" data-default=\"color1\" data-featured=\"color2\" style=\"position: relative; top: 0px; left: 0px;\" target=\"_self\" data-cp-link=\"1\" data-icon=\"\">Je m\u2019inscris<\/a><\/div> <\/div> <div  class=\"col-xs-12 col-sm-6 text-center col-md-6 pricing-featured\"> <div  class=\"card rounded shadow-large\" data-default=\"shadow-small\" data-featured=\"shadow-large\" data-type=\"column\"> <h3  class=\"font-300 upper\"><span  style=\"font-weight: 300;\">FORMIGAL<\/span><\/h3> <h3  class=\"h1\">125\u20ac<\/h3> <p  class=\"small color1 custom-color\">Par personne<\/p> <ul  data-default=\"no-class\" data-featured=\"strong\" class=\"unstyled checked decoration-color1 black text-center strong\"><\/ul> <a  class=\"button upper y-move color3\" href=\"https:\/\/izaki-sports-academy.com\/produit\/jounee-ski-formigal\" data-default=\"color1\" data-featured=\"color2\" style=\"position: relative; top: 0px; left: 0px;\" target=\"_self\" data-cp-link=\"1\" data-icon=\"\">Je m\u2019inscris<\/a><div  class=\"scribens-layout\" style=\"all: initial;\"><\/div><div  class=\"scribens-layout\" style=\"all: initial;\"><\/div><div  class=\"scribens-layout\" style=\"all: initial;\"><\/div><\/div> <\/div><\/div> <\/div><\/div><div  data-label=\"Cta\" data-id=\"cta--1\" data-export-id=\"cta-blue-section\" data-category=\"cta\" class=\"cta-blue-section content-section content-section-spacing-medium bg-color1 white-text\" id=\"cta-1\"><div  class=\"gridContainer\"> <div  class=\"row middle-xs\"><div  class=\"col-sm-8 space-bottom-xs\" data-type=\"column\"> <h2  class=\"\">Laissez-vous porter\u2026\n<br >Rejoignez-nous !<\/h2> <h5  class=\"\"><span  style=\"font-weight: 200;\">Izaki sports academy se r\u00e9serve le droit d\u2019annuler une sortie pour cause de mauvaise m\u00e9t\u00e9o ou manque de neige. Dans ce cas les participants seront int\u00e9gralement rembours\u00e9s. Tout participant absent au lieu et \u00e0 l\u2019heure de rendez-vous ne sera pas rembours\u00e9 du paiement de sa sortie.<\/span><span  id=\"_mce_caret\" data-mce-bogus=\"1\" data-mce-type=\"format-caret\"><span  style=\"font-weight: 200;\">\ufeff<\/span><\/span><\/h5><\/div> <div  class=\"col-sm-4 end-sm\" data-type=\"column\"> <\/div> <\/div><\/div> <\/div>","protected":false},"excerpt":{"rendered":"<p>PUBLIC Ouvert \u00e0 partir de 18 ans, Seulement 8 places par journ\u00e9e. Id\u00e9al pour des sorties entre amis, coll\u00e8gues ou en famille. Transport Minibus 9 places au d\u00e9part d\u2019Hendaye pour Gourette ou Formigal Possibilit\u00e9 de r\u00e9cup\u00e9rer les participants au parking Leclerc Drive St Jean de Luz ou aire de co-voiturage Bayonne. P\u00c9RIODES Lundi 05 et&hellip; <br \/> <a class=\"read-more\" href=\"https:\/\/izaki-sports-academy.com\/sejours-pays-basque\/journee-ski\/\">Lire la suite<\/a><\/p>\n","protected":false},"author":2,"featured_media":5493,"parent":0,"menu_order":0,"comment_status":"closed","ping_status":"closed","template":"pro\/page-templates\/full-width-page.php","meta":{"_seopress_robots_primary_cat":"","_seopress_titles_title":"Journ\u00e9e ski cl\u00e9 en main pour adultes \u2013 Gourette & Formigal","_seopress_titles_desc":"Skiez sans stress en semaine ! Navette, forfait et organisation inclus. Profitez des pistes, entre amis ou coll\u00e8gues, \u00e0 partir d'Hendaye.","_seopress_robots_index":"","footnotes":""},"class_list":["post-5329","page","type-page","status-publish","has-post-thumbnail","hentry"],"_links":{"self":[{"href":"https:\/\/izaki-sports-academy.com\/sejours-pays-basque\/wp-json\/wp\/v2\/pages\/5329","targetHints":{"allow":["GET"]}}],"collection":[{"href":"https:\/\/izaki-sports-academy.com\/sejours-pays-basque\/wp-json\/wp\/v2\/pages"}],"about":[{"href":"https:\/\/izaki-sports-academy.com\/sejours-pays-basque\/wp-json\/wp\/v2\/types\/page"}],"author":[{"embeddable":true,"href":"https:\/\/izaki-sports-academy.com\/sejours-pays-basque\/wp-json\/wp\/v2\/users\/2"}],"replies":[{"embeddable":true,"href":"https:\/\/izaki-sports-academy.com\/sejours-pays-basque\/wp-json\/wp\/v2\/comments?post=5329"}],"version-history":[{"count":37,"href":"https:\/\/izaki-sports-academy.com\/sejours-pays-basque\/wp-json\/wp\/v2\/pages\/5329\/revisions"}],"predecessor-version":[{"id":5536,"href":"https:\/\/izaki-sports-academy.com\/sejours-pays-basque\/wp-json\/wp\/v2\/pages\/5329\/revisions\/5536"}],"wp:featuredmedia":[{"embeddable":true,"href":"https:\/\/izaki-sports-academy.com\/sejours-pays-basque\/wp-json\/wp\/v2\/media\/5493"}],"wp:attachment":[{"href":"https:\/\/izaki-sports-academy.com\/sejours-pays-basque\/wp-json\/wp\/v2\/media?parent=5329"}],"curies":[{"name":"wp","href":"https:\/\/api.w.org\/{rel}","templated":true}]}}