{"id":5276,"date":"2025-11-26T19:50:32","date_gmt":"2025-11-26T18:50:32","guid":{"rendered":"https:\/\/izaki-sports-academy.com\/sejours-pays-basque\/?page_id=5276"},"modified":"2026-03-05T10:51:02","modified_gmt":"2026-03-05T09:51:02","slug":"sejour-multiactivites-adultes","status":"publish","type":"page","link":"https:\/\/izaki-sports-academy.com\/sejours-pays-basque\/sejour-multiactivites-adultes\/","title":{"rendered":"MULTI ACTIVIT\u00c9S Adultes"},"content":{"rendered":"<div  data-label=\"Overlappable\" data-id=\"overlappable--2\" data-export-id=\"overlappable-4\" data-category=\"overlappable\" class=\"overlappable-4 content-section content-section-spacing\" data-overlap=\"true\" id=\"overlappable-2\"><div  class=\"gridContainer\"> <div  data-type=\"row\" class=\"row spaced-cols text-center\"><div  class=\"col-xs-12 col-sm-4 col-padding col-md-3 \"> <i  class=\"fa icon shadow-large-black aligncenter fa-clone reverse round large color1\"><\/i> <div  data-type=\"column\" class=\"\"> <h5  class=\"\">ACCESSIBILIT\u00c9<\/h5> <p  class=\"\">Ouvert \u00e0 partir de 18 ans.\n<br >Niveau d\u00e9butant<\/p><\/div> <\/div> <div  class=\"col-xs-12 col-sm-4 col-padding col-md-3 \"> <i  class=\"fa icon shadow-large-black aligncenter fa-home reverse round large color1\"><\/i> <div  data-type=\"column\" class=\"\"><h5  class=\"\">H\u00c9BERGEMENT \/ PENSION<\/h5> <p  class=\"\">H\u00e9bergement en bungalows toil\u00e9s 4 personnes ou en&nbsp; mobil home de 4 \u00e0 6 personnes en camping \u00e0 Hendaye.<\/p><\/div> <\/div> <div  class=\"col-xs-12 col-sm-4 col-padding col-md-3 \"> <i  class=\"fa icon shadow-large-black aligncenter fa-euro reverse round large color1\"><\/i> <div  data-type=\"column\" class=\"\"> <h5  class=\"\">TARIF<\/h5> <p  class=\"\">520\u20ac en h\u00e9bergement bungalows toil\u00e9s<\/p><\/div> <\/div><div  class=\"col-xs-12 col-sm-4 col-padding col-md-3 \"> <i  class=\"fa icon shadow-large-black aligncenter fa-calendar reverse round large color1\"><\/i> <div  data-type=\"column\" class=\"\"><h5  class=\"\">DATES<\/h5> <p  class=\"\">Du 28 au 31 mai,<br >\ndu 25 au 28 juin,<br >\ndu 24 au 27 septembre<\/p><\/div> <\/div><\/div> <\/div><\/div><div  data-label=\"About\" data-id=\"about--1\" data-export-id=\"about-10\" data-category=\"about\" class=\"about-10 content-section content-section-spacing\" id=\"about-1\"><div  class=\"gridContainer\"> <div  class=\"row middle-sm text-center\"><div  class=\"col-sm-5 space-bottom-xs content-column\" data-type=\"column\"> <h5  class=\"\">MULTI ACTIVIT\u00c9S Adultes<\/h5> <h2  class=\"\">S\u00e9jour Sport &amp; Bien-\u00catre \u2013 Vivez le Pays Basque intens\u00e9ment !<\/h2> <p  class=\"\">Plongez au c\u0153ur du Pays Basque pour une exp\u00e9rience sportive unique, con\u00e7ue sp\u00e9cialement pour les adultes actifs et passionn\u00e9s ! \u00c0 Hendaye, entre plage et montagnes verdoyantes, profitez d\u2019un s\u00e9jour multi activit\u00e9s alliant performance, plaisir et bien-\u00eatre.<br >Chaque journ\u00e9e est pens\u00e9e pour vous faire bouger, respirer, vous d\u00e9passer\u2026 tout en vous ressour\u00e7ant.<br >\nEncadrement professionnel, h\u00e9bergement convivial et ambiance chaleureuse : tout est r\u00e9uni pour vivre un s\u00e9jour dynamique, f\u00e9d\u00e9rateur et inoubliable.<br >\nRejoignez-nous et offrez-vous une parenth\u00e8se sportive, revitalisante\u2026 et 100% Basque !<\/p> <a  class=\"button color1\" href=\"https:\/\/izaki-sports-academy.com\/produit\/sejour-surf-rando-decouverte\" target=\"_self\" data-cp-link=\"1\" data-icon=\"\">Je m\u2019inscris !<\/a><\/div> <div  class=\"col-sm-7 flexbox middle-xs center-xs space-bottom-xs\"><div  class=\"overlay-box middle-xs center-xs flexbox\"> <div  class=\"overlay-box-offset offset-border shadow-medium border-color1 hide-xs\"><\/div> <img  decoding=\"async\" class=\"shadow-large\" data-size=\"485x705\" src=\"https:\/\/izaki-sports-academy.com\/sejours-pays-basque\/wp-content\/uploads\/2025\/11\/cropped-pexels-alexandre-saraiva-carniato-583650-1838144-scaled-1.jpg\" title=\"s\u00e9jours sportifs adultes Pays basque\" alt=\"s\u00e9jours sportifs multi activit\u00e9s adultes Pays basque\"><\/div> <\/div><\/div> <\/div><\/div><div  data-label=\"Overlappable\" data-id=\"overlappable--1\" data-export-id=\"overlappable-5\" data-category=\"overlappable\" class=\"overlappable-5 content-section content-section-spacing\" data-overlap=\"true\" id=\"overlappable-1\"><div  class=\"gridContainer\"> <div  data-type=\"row\" class=\"row shadow-medium bg-color-white\"><div  class=\"col-xs-12 col-sm-4 col-padding col-padding-xs bg-color-white\"> <div  class=\"row middle-sm\"><div  class=\"col-xs-12 col-sm-fit icon-column\"> <a  data-cp-link=\"1\" href=\"#\" target=\"_self\"><i  class=\"fa icon fa-thumbs-o-up bordered round color2\"><\/i><\/a><\/div> <div  data-type=\"column\" class=\"col-xs-12 col-sm v-spacing\"><h5  class=\"\">Encadr\u00e9s par des professionnels dipl\u00f4m\u00e9s et passionn\u00e9s.<\/h5><\/div> <\/div> <div  class=\"row\"> <div  class=\"col-xs-12 col-sm-12\" data-type=\"column\">  <\/div> <\/div><\/div> <div  class=\"col-xs-12 col-sm-4 col-padding col-padding-xs bg-color-white\"><div  class=\"row middle-sm\"> <div  class=\"col-xs-12 col-sm-fit icon-column\"><i  class=\"fa icon fa-child bordered round color2\"><\/i><\/div> <div  data-type=\"column\" class=\"col-xs-12 col-sm v-spacing\"><h5  class=\"\">Petits<br >\ngroupes pour une exp\u00e9rience personnalis\u00e9e.<\/h5><\/div> <\/div> <div  class=\"row\"> <div  class=\"col-xs-12 col-sm-12\" data-type=\"column\">  <\/div> <\/div><\/div> <div  class=\"col-xs-12 col-sm-4 col-padding col-padding-xs bg-color-white\"><div  class=\"row middle-sm\"> <div  class=\"col-xs-12 col-sm-fit icon-column\"><i  class=\"fa icon fa-spoon bordered round color2\"><\/i><\/div> <div  data-type=\"column\" class=\"col-xs-12 col-sm v-spacing\"><h5  class=\"\">Cuisine locale et produits du terroir.<\/h5><\/div> <\/div> <div  class=\"row\"> <div  class=\"col-xs-12 col-sm-12\" data-type=\"column\">  <\/div> <\/div><\/div> <div  class=\"col-xs-12 col-sm-4 col-padding col-padding-xs bg-color-white\"> <div  class=\"row middle-sm\"><div  class=\"col-xs-12 col-sm-fit icon-column\"> <a  data-cp-link=\"1\" href=\"#\" target=\"_self\"><i  class=\"fa icon fa-car bordered round color2\"><\/i><\/a><\/div> <div  data-type=\"column\" class=\"col-xs-12 col-sm v-spacing\"><h5  class=\"\">Navette<br >\ndepuis la gare d\u2019Hendaye ou l\u2019a\u00e9roport de Biarritz.<\/h5><div  class=\"scribens-layout\"><\/div><\/div> <\/div> <div  class=\"row\"> <div  class=\"col-xs-12 col-sm-12\" data-type=\"column\">  <\/div> <\/div><\/div><div  class=\"col-xs-12 col-sm-4 col-padding col-padding-xs bg-color-white\"> <div  class=\"row middle-sm\"><div  class=\"col-xs-12 col-sm-fit icon-column\"> <a  data-cp-link=\"1\" href=\"#\" target=\"_self\"><i  class=\"fa icon fa-plus bordered round color2\"><\/i><\/a><\/div> <div  data-type=\"column\" class=\"col-xs-12 col-sm v-spacing\"><h5  class=\"\">Les options : \n<br >Chambre individuelle<br >Massage,<br >Art th\u00e9rapie<\/h5><div  class=\"scribens-layout\"><\/div><\/div> <\/div> <div  class=\"row\"> <div  class=\"col-xs-12 col-sm-12\" data-type=\"column\">  <\/div> <\/div><\/div><div  class=\"col-xs-12 col-sm-4 col-padding col-padding-xs bg-color-white\"> <div  class=\"row middle-sm\"><div  class=\"col-xs-12 col-sm-fit icon-column\"> <a  data-cp-link=\"1\" href=\"#\" target=\"_self\"><i  class=\"fa icon fa-check bordered round color2\"><\/i><\/a><\/div> <div  data-type=\"column\" class=\"col-xs-12 col-sm v-spacing\"><h5  class=\"\">Cours de surf et padle avec mat\u00e9riel fourni et \u00e0 disposition.<\/h5><div  class=\"scribens-layout\"><\/div><\/div> <\/div> <div  class=\"row\"> <div  class=\"col-xs-12 col-sm-12\" data-type=\"column\">  <\/div> <\/div><\/div><\/div><\/div> <\/div><div  data-label=\"Pricing\" data-id=\"pricing--1\" data-export-id=\"pricing-1\" data-category=\"pricing\" data-featured-class=\"pricing-featured\" class=\"pricing-1 content-section content-section-spacing\" id=\"pricing-1\"><div  class=\"gridContainer\"> <div  class=\"row\"><div  data-type=\"column\" class=\"section-title-col\"> <h2  class=\"text-center\">Programme du s\u00e9jour<\/h2> <p  class=\"lead\">Pendant ces 4 jours et 3 nuits \u00e0 Hendaye, vous vivrez une immersion compl\u00e8te entre oc\u00e9an et montagne, alliant d\u00e9tente, sport et bien-\u00eatre. Chaque journ\u00e9e est soigneusement pens\u00e9e pour \u00e9quilibrer yoga, surf, randonn\u00e9es c\u00f4ti\u00e8res, cardio, paddle tennis et moments libres, dans un cadre naturel exceptionnel. Encadr\u00e9 par des professionnels passionn\u00e9s et en petits groupes, vous pourrez profiter pleinement de chaque activit\u00e9, vous ressourcer et repartir recharg\u00e9 en \u00e9nergie positive.<\/p><\/div> <\/div> <div  data-type=\"row\" class=\"row spaced-cols\"> <div  class=\"col-xs-12 col-sm-6 col-md-3 text-center\"> <div  class=\"card rounded shadow-small\" data-default=\"shadow-small\" data-featured=\"shadow-large\" data-type=\"column\"> <h3  class=\"font-300 upper\">JOUR 1<\/h3>   <ul  data-default=\"no-class\" data-featured=\"strong\" class=\"unstyled checked decoration-color1 black text-center\"><li >Arriv\u00e9e<\/li><li >Attribution des logements<\/li><li >Yoga<\/li><li >Pr\u00e9sentation de la semaine<\/li><li >D\u00eener,  Veill\u00e9e<\/li><\/ul> <\/div> <\/div> <div  class=\"col-xs-12 col-sm-6 col-md-3 text-center\"> <div  class=\"card rounded shadow-small\" data-default=\"shadow-small\" data-featured=\"shadow-large\" data-type=\"column\"> <h3  class=\"font-300 upper\">JOUR 2<\/h3>   <ul  data-default=\"no-class\" data-featured=\"strong\" class=\"unstyled checked decoration-color1 black text-center\"><li >Collation<\/li><li >Rando coti\u00e8re Jaizkibel<\/li><li >D\u00e9jeuner (option)<\/li><li >Temps libre<\/li><li >Cours de surf<\/li><li >D\u00eener (option) Veill\u00e9e<\/li><\/ul> <\/div> <\/div> <div  class=\"col-xs-12 col-sm-6 col-md-3 text-center\"> <div  class=\"card rounded shadow-small\" data-default=\"shadow-small\" data-featured=\"shadow-large\" data-type=\"column\"> <h3  class=\"font-300 upper\">JOUR 3<\/h3>   <ul  data-default=\"no-class\" data-featured=\"strong\" class=\"unstyled checked decoration-color1 black text-center\"><li >Collation<\/li><li >Cardio<\/li><li >D\u00e9jeuner (option)<\/li><li >Temps libre<\/li><li >Initiation \u00e0 la pelote Basque<\/li><li >Yoga<\/li><li >Temps libre<\/li><li >D\u00eener (option) Veill\u00e9e<\/li><\/ul> <\/div> <\/div> <div  class=\"col-xs-12 col-sm-6 col-md-3 text-center\"> <div  class=\"card rounded shadow-small\" data-default=\"shadow-small\" data-featured=\"shadow-large\" data-type=\"column\"> <h3  class=\"font-300 upper\">JOUR 4<\/h3>   <ul  data-default=\"no-class\" data-featured=\"strong\" class=\"unstyled checked decoration-color1 black text-center\"><li >Collation<\/li><li >Initiation au paddle tennis<\/li><li >Lib\u00e9ration des h\u00e9bergements<\/li><li >Brunch<\/li><li >D\u00e9part 13h30<\/li><\/ul> <\/div> <\/div><\/div> <\/div><\/div><div  data-label=\"Pricing\" data-id=\"pricing--3\" data-export-id=\"pricing-1\" data-category=\"pricing\" data-featured-class=\"pricing-featured\" class=\"pricing-1 content-section content-section-spacing\" id=\"pricing-2\" style=\"background-color: rgb(255, 255, 255);\"><div  class=\"\"><div  data-section-title-area=\"true\" class=\"row text-center\">   <div  class=\"section-title-col\" data-type=\"column\">       <h2  class=\"\">Choisissez vos options<\/h2>       <p  class=\"lead\">Pour compl\u00e9ter votre s\u00e9jours \u00e0 votre guise et l\u2019optiomiser au maximum, vous pouvez y ajouter des options. Vous le rendrez encore plus en ad\u00e9quation avec vos envies du moment.<\/p>   <\/div><\/div>  <div  data-type=\"row\" class=\"row spaced-cols\"> <div  class=\"col-xs-12 col-sm-6 col-md-3 text-center pricing-featured\"> <div  class=\"card rounded shadow-large\" data-default=\"shadow-small\" data-featured=\"shadow-large\" data-type=\"column\"> <h3  class=\"font-300 upper\">CHAMBRE INDIVIDUELLE<\/h3> <h3  class=\"h1\">60\u20ac<\/h3> <p  class=\"small color1 custom-color\">par s\u00e9jour<\/p>  <\/div> <\/div> <div  class=\"col-xs-12 col-sm-6 col-md-3 text-center pricing-featured\"> <div  class=\"card rounded shadow-large\" data-default=\"shadow-small\" data-featured=\"shadow-large\" data-type=\"column\"> <h3  class=\"font-300 upper\">massage<\/h3> <h3  class=\"h1\">65\u20ac<\/h3> <p  class=\"small color1 custom-color\">par personne<\/p>  <\/div> <\/div> <div  class=\"col-xs-12 col-sm-6 col-md-3 text-center pricing-featured\"> <div  class=\"card rounded shadow-large\" data-default=\"shadow-small\" data-featured=\"shadow-large\" data-type=\"column\"> <h3  class=\"font-300 upper\">art th\u00e9rapie<\/h3> <h3  class=\"h1\">70\u20ac<\/h3> <p  class=\"small color1 custom-color\">par personne<\/p>  <\/div> <\/div> <\/div> <\/div><\/div><div  data-label=\"Cta\" data-id=\"cta--1\" data-export-id=\"cta-blue-section\" data-category=\"cta\" class=\"cta-blue-section content-section content-section-spacing-medium bg-color1 white-text\" id=\"cta-1\"><div  class=\"gridContainer\"> <div  class=\"row middle-xs\"><div  class=\"col-sm-8 space-bottom-xs\" data-type=\"column\"> <h2  class=\"\">Rejoignez-nous d\u00e8s maintenant et offrez-vous cette pause bien-\u00eatre dont vous avez tant besoin !<\/h2> <\/div> <div  class=\"col-sm-4 end-sm\" data-type=\"column\"> <a  class=\"button color2\" href=\"https:\/\/izaki-sports-academy.com\/produit\/sejour-multi-activites\" target=\"_self\" data-cp-link=\"1\" data-icon=\"\">Je m\u2019inscris !<\/a><\/div> <\/div><\/div> <\/div>","protected":false},"excerpt":{"rendered":"<p>ACCESSIBILIT\u00c9 Ouvert \u00e0 partir de 18 ans. Niveau d\u00e9butant H\u00c9BERGEMENT \/ PENSION H\u00e9bergement en bungalows toil\u00e9s 4 personnes ou en&nbsp; mobil home de 4 \u00e0 6 personnes en camping \u00e0 Hendaye. TARIF 520\u20ac en h\u00e9bergement bungalows toil\u00e9s DATES Du 28 au 31 mai, du 25 au 28 juin, du 24 au 27 septembre MULTI ACTIVIT\u00c9S&hellip; <br \/> <a class=\"read-more\" href=\"https:\/\/izaki-sports-academy.com\/sejours-pays-basque\/sejour-multiactivites-adultes\/\">Lire la suite<\/a><\/p>\n","protected":false},"author":2,"featured_media":5285,"parent":0,"menu_order":0,"comment_status":"closed","ping_status":"closed","template":"pro\/page-templates\/full-width-page.php","meta":{"_seopress_robots_primary_cat":"","_seopress_titles_title":"","_seopress_titles_desc":"","_seopress_robots_index":"","footnotes":""},"class_list":["post-5276","page","type-page","status-publish","has-post-thumbnail","hentry"],"_links":{"self":[{"href":"https:\/\/izaki-sports-academy.com\/sejours-pays-basque\/wp-json\/wp\/v2\/pages\/5276","targetHints":{"allow":["GET"]}}],"collection":[{"href":"https:\/\/izaki-sports-academy.com\/sejours-pays-basque\/wp-json\/wp\/v2\/pages"}],"about":[{"href":"https:\/\/izaki-sports-academy.com\/sejours-pays-basque\/wp-json\/wp\/v2\/types\/page"}],"author":[{"embeddable":true,"href":"https:\/\/izaki-sports-academy.com\/sejours-pays-basque\/wp-json\/wp\/v2\/users\/2"}],"replies":[{"embeddable":true,"href":"https:\/\/izaki-sports-academy.com\/sejours-pays-basque\/wp-json\/wp\/v2\/comments?post=5276"}],"version-history":[{"count":13,"href":"https:\/\/izaki-sports-academy.com\/sejours-pays-basque\/wp-json\/wp\/v2\/pages\/5276\/revisions"}],"predecessor-version":[{"id":5741,"href":"https:\/\/izaki-sports-academy.com\/sejours-pays-basque\/wp-json\/wp\/v2\/pages\/5276\/revisions\/5741"}],"wp:featuredmedia":[{"embeddable":true,"href":"https:\/\/izaki-sports-academy.com\/sejours-pays-basque\/wp-json\/wp\/v2\/media\/5285"}],"wp:attachment":[{"href":"https:\/\/izaki-sports-academy.com\/sejours-pays-basque\/wp-json\/wp\/v2\/media?parent=5276"}],"curies":[{"name":"wp","href":"https:\/\/api.w.org\/{rel}","templated":true}]}}