{"id":5124,"date":"2025-11-18T16:13:10","date_gmt":"2025-11-18T15:13:10","guid":{"rendered":"https:\/\/izaki-sports-academy.com\/sejours-pays-basque\/?page_id=5124"},"modified":"2026-03-05T10:55:41","modified_gmt":"2026-03-05T09:55:41","slug":"surf-yoga","status":"publish","type":"page","link":"https:\/\/izaki-sports-academy.com\/sejours-pays-basque\/surf-yoga\/","title":{"rendered":"SURF &#038; YOGA"},"content":{"rendered":"<div  data-label=\"Overlappable\" data-id=\"overlappable--2\" data-export-id=\"overlappable-4\" data-category=\"overlappable\" class=\"overlappable-4 content-section content-section-spacing\" data-overlap=\"true\" id=\"overlappable-2\" style=\"background-color: rgb(255, 255, 255);\"><div  class=\"gridContainer\"> <div  data-type=\"row\" class=\"row spaced-cols text-center\"><div  class=\"col-xs-12 col-sm-4 col-padding col-md-3 \"> <i  class=\"fa icon shadow-large-black aligncenter fa-clone reverse round large color1\"><\/i> <div  data-type=\"column\" class=\"\"> <h5  class=\"\">ACCESSIBILIT\u00c9<\/h5> <p  class=\"\">Ouvert \u00e0 partir de 18ans.\n<br >Niveau d\u00e9butant<\/p><\/div> <\/div> <div  class=\"col-xs-12 col-sm-4 col-padding col-md-3 \"> <i  class=\"fa icon shadow-large-black aligncenter fa-home reverse round large color1\"><\/i> <div  data-type=\"column\" class=\"\"><h5  class=\"\">H\u00c9BERGEMENT \/ PENSION<\/h5> <p  class=\"\">H\u00e9bergement en bungalows toil\u00e9s de 4 personnes ou en mobil home de 4 \u00e0 6 personnes en camping \u00e0 Hendaye.<\/p><\/div> <\/div> <div  class=\"col-xs-12 col-sm-4 col-padding col-md-3 \"> <i  class=\"fa icon shadow-large-black aligncenter fa-euro reverse round large color1\"><\/i> <div  data-type=\"column\" class=\"\"> <h5  class=\"\">TARIF<\/h5> <p  class=\"\"><span  style=\"font-weight: 300;\">510\u20ac en h\u00e9bergement bungalows toil\u00e9s<\/span><\/p><\/div> <\/div><div  class=\"col-xs-12 col-sm-4 col-padding col-md-3 \"> <i  class=\"fa icon shadow-large-black aligncenter fa-calendar reverse round large color1\"><\/i> <div  data-type=\"column\" class=\"\"><h5  class=\"\">DATES<\/h5> <p  class=\"\">Du 07 au 10 mai,<br >\ndu 04 au 07 juin,<br >\ndu 03 au 06 septembre<\/p><\/div> <\/div><\/div> <\/div><\/div><div  data-label=\"About\" data-id=\"about--1\" data-export-id=\"about-10\" data-category=\"about\" class=\"about-10 content-section content-section-spacing\" id=\"about-1\" style=\"background-color: rgb(255, 255, 255);\"><div  class=\"gridContainer\"> <div  class=\"row middle-sm text-center\"><div  class=\"col-sm-5 space-bottom-xs content-column\" data-type=\"column\"> <h5  class=\"\">SURF &amp; YOGA<\/h5> <h2  class=\"\">Entre oc\u00e9an et montagne, le Pays Basque vous offre un cadre exceptionnel<br >\npour allier sport, nature et bien \u00eatre.<\/h2> <p  class=\"\">Vous vous y sentirez bien pour prendre le temps de<br >\nrespirer, de regarder et de vivre. \n<br >Une pause obligatoire dont vous avez droit pour recharger<br >\nvotre corps et votre esprit de bonne \u00e9nergie.<br >\nTout sera propice pour prendre soin de vous !<br >\nOn vous attend\u2026<\/p> <a  class=\"button color1\" href=\"https:\/\/izaki-sports-academy.com\/produit\/sejour-surf-yoga\" target=\"_self\" data-cp-link=\"1\" data-icon=\"\">Je m\u2019inscris !<\/a><\/div> <div  class=\"col-sm-7 flexbox middle-xs center-xs space-bottom-xs\"><div  class=\"overlay-box middle-xs center-xs flexbox\"> <div  class=\"overlay-box-offset offset-border shadow-medium border-color1 hide-xs\"><\/div> <img  decoding=\"async\" class=\"shadow-large\" data-size=\"485x705\" src=\"https:\/\/izaki-sports-academy.com\/sejours-pays-basque\/wp-content\/uploads\/2025\/11\/cropped-stages_sportifs_adultes_pays_basque.jpg\" title=\"cropped-stages_sportifs_adultes_pays_basque.jpg\" alt=\"\"><\/div> <\/div><\/div> <\/div><\/div><div  data-label=\"Overlappable\" data-id=\"overlappable--1\" data-export-id=\"overlappable-5\" data-category=\"overlappable\" class=\"overlappable-5 content-section content-section-spacing\" data-overlap=\"true\" id=\"overlappable-1\" style=\"background-color: rgb(255, 255, 255);\"><div  class=\"gridContainer\"> <div  data-type=\"row\" class=\"row shadow-medium bg-color-white\"><div  class=\"col-xs-12 col-sm-4 col-padding col-padding-xs bg-color-white\"> <div  class=\"row middle-sm\"><div  class=\"col-xs-12 col-sm-fit icon-column\"> <a  data-cp-link=\"1\" href=\"#\" target=\"_self\"><i  class=\"fa icon fa-thumbs-o-up bordered round color2\"><\/i><\/a><\/div> <div  data-type=\"column\" class=\"col-xs-12 col-sm v-spacing\"><h5  class=\"\">Encadr\u00e9s par des professionnels dipl\u00f4m\u00e9s et passionn\u00e9s.<\/h5><\/div> <\/div> <div  class=\"row\"> <div  class=\"col-xs-12 col-sm-12\" data-type=\"column\">  <\/div> <\/div><\/div> <div  class=\"col-xs-12 col-sm-4 col-padding col-padding-xs bg-color-white\"><div  class=\"row middle-sm\"> <div  class=\"col-xs-12 col-sm-fit icon-column\"><i  class=\"fa icon fa-child bordered round color2\"><\/i><\/div> <div  data-type=\"column\" class=\"col-xs-12 col-sm v-spacing\"><h5  class=\"\">Petits<br >\ngroupes pour une exp\u00e9rience personnalis\u00e9e.<\/h5><\/div> <\/div> <div  class=\"row\"> <div  class=\"col-xs-12 col-sm-12\" data-type=\"column\">  <\/div> <\/div><\/div> <div  class=\"col-xs-12 col-sm-4 col-padding col-padding-xs bg-color-white\"><div  class=\"row middle-sm\"> <div  class=\"col-xs-12 col-sm-fit icon-column\"><i  class=\"fa icon fa-spoon bordered round color2\"><\/i><\/div> <div  data-type=\"column\" class=\"col-xs-12 col-sm v-spacing\"><h5  class=\"\">Cuisine locale et produits du terroir.<\/h5><\/div> <\/div> <div  class=\"row\"> <div  class=\"col-xs-12 col-sm-12\" data-type=\"column\">  <\/div> <\/div><\/div> <div  class=\"col-xs-12 col-sm-4 col-padding col-padding-xs bg-color-white\"> <div  class=\"row middle-sm\"><div  class=\"col-xs-12 col-sm-fit icon-column\"> <a  data-cp-link=\"1\" href=\"#\" target=\"_self\"><i  class=\"fa icon fa-car bordered round color2\"><\/i><\/a><\/div> <div  data-type=\"column\" class=\"col-xs-12 col-sm v-spacing\"><h5  class=\"\">Navette<br >\ndepuis la gare d\u2019Hendaye ou l\u2019a\u00e9roport de Biarritz.<\/h5><div  class=\"scribens-layout\" style=\"all: initial;\"><\/div><\/div> <\/div> <div  class=\"row\"> <div  class=\"col-xs-12 col-sm-12\" data-type=\"column\">  <\/div> <\/div><\/div><div  class=\"col-xs-12 col-sm-4 col-padding col-padding-xs bg-color-white\"> <div  class=\"row middle-sm\"><div  class=\"col-xs-12 col-sm-fit icon-column\"> <a  data-cp-link=\"1\" href=\"#\" target=\"_self\"><i  class=\"fa icon fa-plus bordered round color2\"><\/i><\/a><\/div> <div  data-type=\"column\" class=\"col-xs-12 col-sm v-spacing\"><h5  class=\"\">Chambre individuelle<br >Massage\n<br >Randonn\u00e9es\n<br >Initiation pelote basque\n<br >Initiation paddle tennis<\/h5><div  class=\"scribens-layout\" style=\"all: initial;\"><\/div><\/div> <\/div> <div  class=\"row\"> <div  class=\"col-xs-12 col-sm-12\" data-type=\"column\">  <\/div> <\/div><\/div><div  class=\"col-xs-12 col-sm-4 col-padding col-padding-xs bg-color-white\"> <div  class=\"row middle-sm\"><div  class=\"col-xs-12 col-sm-fit icon-column\"> <a  data-cp-link=\"1\" href=\"#\" target=\"_self\"><i  class=\"fa icon fa-check bordered round color2\"><\/i><\/a><\/div> <div  data-type=\"column\" class=\"col-xs-12 col-sm v-spacing\"><h5  class=\"\">Cours de surf avec mat\u00e9riel fourni et \u00e0 disposition.<\/h5><div  class=\"scribens-layout\" style=\"all: initial;\"><\/div><\/div> <\/div> <div  class=\"row\"> <div  class=\"col-xs-12 col-sm-12\" data-type=\"column\">  <\/div> <\/div><\/div><\/div><\/div> <\/div><div  data-label=\"Options\" data-id=\"pricing--1\" data-export-id=\"pricing-1\" data-category=\"pricing\" data-featured-class=\"pricing-featured\" class=\"pricing-1 content-section content-section-spacing\" id=\"options\" style=\"background-color: rgb(245, 250, 253);\"><div  class=\"gridContainer\"> <div  class=\"row\"><div  data-type=\"column\" class=\"section-title-col\"> <h2  class=\"text-center\">Programme du s\u00e9jour<\/h2> <p  class=\"lead\">Pendant ces 4 jours et 3 nuits \u00e0 Hendaye, vous vivrez une immersion compl\u00e8te entre oc\u00e9an et montagne, alliant d\u00e9tente, sport et bien-\u00eatre. Chaque journ\u00e9e est soigneusement pens\u00e9e pour \u00e9quilibrer yoga, surf, randonn\u00e9es c\u00f4ti\u00e8res et moments libres, dans un cadre naturel exceptionnel. Encadr\u00e9 par des professionnels passionn\u00e9s et en petits groupes, vous pourrez profiter pleinement de chaque activit\u00e9, vous ressourcer et repartir recharg\u00e9 en \u00e9nergie positive.<\/p><\/div> <\/div> <div  data-type=\"row\" class=\"row spaced-cols\"> <div  class=\"col-xs-12 col-sm-6 col-md-3 text-center \"> <div  class=\"card shadow-small rounded\" data-default=\"shadow-small\" data-featured=\"shadow-large\" data-type=\"column\"> <h3  class=\"font-300 upper\">JOUR 1<\/h3>   <ul  data-default=\"no-class\" data-featured=\"strong\" class=\"unstyled checked decoration-color1 black text-center\"><li >Arriv\u00e9e<\/li><li >Attribution des logements<\/li><li >Yoga<\/li><li >Pr\u00e9sentation de la semaine<\/li><li >D\u00eener, Veill\u00e9e<\/li><\/ul> <\/div> <\/div> <div  class=\"col-xs-12 col-sm-6 col-md-3 text-center\"> <div  class=\"card rounded shadow-small\" data-default=\"shadow-small\" data-featured=\"shadow-large\" data-type=\"column\"> <h3  class=\"font-300 upper\">JOUR 2<\/h3>   <ul  data-default=\"no-class\" data-featured=\"strong\" class=\"unstyled checked decoration-color1 black text-center\"><li >Collation<\/li><li >Yoga sur la plage<\/li><li >D\u00e9jeuner (option)<\/li><li >Cours de surf<\/li><li >Stretching<\/li><li >D\u00eener (option) Veill\u00e9e<\/li><\/ul> <\/div> <\/div> <div  class=\"col-xs-12 col-sm-6 col-md-3 text-center \"> <div  class=\"card shadow-small rounded\" data-default=\"shadow-small\" data-featured=\"shadow-large\" data-type=\"column\"> <h3  class=\"font-300 upper\">JOUR 3<\/h3>   <ul  data-default=\"no-class\" data-featured=\"strong\" class=\"unstyled checked decoration-color1 black text-center\"><li >Collation<\/li><li >Yoga sur la plage<\/li><li >D\u00e9jeuner (option)<\/li><li >Cours de surf<\/li><li >Stretching<\/li><li >D\u00eener (option) Veill\u00e9e<\/li><\/ul> <\/div> <\/div> <div  class=\"col-xs-12 col-sm-6 col-md-3 text-center \"> <div  class=\"card shadow-small rounded\" data-default=\"shadow-small\" data-featured=\"shadow-large\" data-type=\"column\"> <h3  class=\"font-300 upper\">JOUR 4<\/h3>   <ul  data-default=\"no-class\" data-featured=\"strong\" class=\"unstyled checked decoration-color1 black text-center\"><li >Collation<\/li><li >Yoga sur la plage<\/li><li >Lib\u00e9ration des h\u00e9bergements<\/li><li >Brunch<\/li><li >D\u00e9part 13h30<\/li><\/ul> <\/div> <\/div><\/div> <\/div><\/div><div  data-label=\"Pricing\" data-id=\"pricing--2\" data-export-id=\"pricing-1\" data-category=\"pricing\" data-featured-class=\"pricing-featured\" class=\"pricing-1 content-section content-section-spacing\" id=\"pricing-1\" style=\"background-color: rgb(255, 255, 255);\"><div  class=\"\"> <div  class=\"row\"><div  data-type=\"column\" class=\"section-title-col\"> <h2  class=\"text-center\">Choisissez vos options<\/h2> <p  class=\"lead\">Pour compl\u00e9ter votre s\u00e9jours \u00e0 votre guise et l\u2019optiomiser au maximum, vous pouvez y ajouter des options. Vous le rendrez encore plus en ad\u00e9quation avec vos envies du moment.<\/p><\/div> <\/div> <div  data-type=\"row\" class=\"row spaced-cols\"> <div  class=\"col-xs-12 col-sm-6 col-md-3 text-center pricing-featured\"> <div  class=\"card rounded shadow-large\" data-default=\"shadow-small\" data-featured=\"shadow-large\" data-type=\"column\"> <h3  class=\"font-300 upper\">chambre individuelle<\/h3> <h3  class=\"h1\">60\u20ac<\/h3> <p  class=\"small color1 custom-color\">par s\u00e9jour<\/p>  <\/div> <\/div> <div  class=\"col-xs-12 col-sm-6 col-md-3 text-center pricing-featured\"> <div  class=\"card rounded shadow-large\" data-default=\"shadow-small\" data-featured=\"shadow-large\" data-type=\"column\"> <h3  class=\"font-300 upper\">initiation \u00c0 LA PELOTE BASQUE<\/h3> <h3  class=\"h1\">20\u20ac<\/h3> <p  class=\"small color1 custom-color\">par personne<br >\n5 personnes mini<\/p>  <\/div> <\/div> <div  class=\"col-xs-12 col-sm-6 col-md-3 text-center pricing-featured\"> <div  class=\"card rounded shadow-large\" data-default=\"shadow-small\" data-featured=\"shadow-large\" data-type=\"column\"> <h3  class=\"font-300 upper\">rando jaizkibel<\/h3> <h3  class=\"h1\">35\u20ac<\/h3> <p  class=\"small color1 custom-color\">par personne<br >4 personnes mini<\/p>  <\/div> <\/div> <div  class=\"col-xs-12 col-sm-6 col-md-3 text-center pricing-featured\"> <div  class=\"card rounded shadow-large\" data-default=\"shadow-small\" data-featured=\"shadow-large\" data-type=\"column\"> <h3  class=\"font-300 upper\">initiation paddle tennis<\/h3> <h3  class=\"h1\">40\u20ac<\/h3> <p  class=\"small color1 custom-color\">par personne<br >4 personnes mini<\/p>  <\/div> <\/div><\/div> <\/div><\/div><div  data-label=\"Cta\" data-id=\"cta--1\" data-export-id=\"cta-blue-section\" data-category=\"cta\" class=\"cta-blue-section content-section content-section-spacing-medium bg-color1 white-text\" id=\"cta-1\"><div  class=\"gridContainer\"> <div  class=\"row middle-xs\"><div  class=\"col-sm-8 space-bottom-xs\" data-type=\"column\"> <h2  class=\"\">Rejoignez-nous d\u00e8s maintenant et offrez-vous cette pause bien-\u00eatre dont vous avez tant besoin !<\/h2> <\/div> <div  class=\"col-sm-4 end-sm\" data-type=\"column\"> <a  class=\"button color2\" href=\"https:\/\/izaki-sports-academy.com\/produit\/sejour-surf-yoga\" target=\"_self\" data-cp-link=\"1\" data-icon=\"\">Je m\u2019inscris !<\/a><\/div> <\/div><\/div> <\/div>","protected":false},"excerpt":{"rendered":"<p>ACCESSIBILIT\u00c9 Ouvert \u00e0 partir de 18ans. Niveau d\u00e9butant H\u00c9BERGEMENT \/ PENSION H\u00e9bergement en bungalows toil\u00e9s de 4 personnes ou en mobil home de 4 \u00e0 6 personnes en camping \u00e0 Hendaye. TARIF 510\u20ac en h\u00e9bergement bungalows toil\u00e9s DATES Du 07 au 10 mai, du 04 au 07 juin, du 03 au 06 septembre SURF &amp;&hellip; <br \/> <a class=\"read-more\" href=\"https:\/\/izaki-sports-academy.com\/sejours-pays-basque\/surf-yoga\/\">Lire la suite<\/a><\/p>\n","protected":false},"author":2,"featured_media":5151,"parent":0,"menu_order":0,"comment_status":"closed","ping_status":"closed","template":"pro\/page-templates\/full-width-page.php","meta":{"_seopress_robots_primary_cat":"","_seopress_titles_title":"","_seopress_titles_desc":"","_seopress_robots_index":"","footnotes":""},"class_list":["post-5124","page","type-page","status-publish","has-post-thumbnail","hentry"],"_links":{"self":[{"href":"https:\/\/izaki-sports-academy.com\/sejours-pays-basque\/wp-json\/wp\/v2\/pages\/5124","targetHints":{"allow":["GET"]}}],"collection":[{"href":"https:\/\/izaki-sports-academy.com\/sejours-pays-basque\/wp-json\/wp\/v2\/pages"}],"about":[{"href":"https:\/\/izaki-sports-academy.com\/sejours-pays-basque\/wp-json\/wp\/v2\/types\/page"}],"author":[{"embeddable":true,"href":"https:\/\/izaki-sports-academy.com\/sejours-pays-basque\/wp-json\/wp\/v2\/users\/2"}],"replies":[{"embeddable":true,"href":"https:\/\/izaki-sports-academy.com\/sejours-pays-basque\/wp-json\/wp\/v2\/comments?post=5124"}],"version-history":[{"count":16,"href":"https:\/\/izaki-sports-academy.com\/sejours-pays-basque\/wp-json\/wp\/v2\/pages\/5124\/revisions"}],"predecessor-version":[{"id":5743,"href":"https:\/\/izaki-sports-academy.com\/sejours-pays-basque\/wp-json\/wp\/v2\/pages\/5124\/revisions\/5743"}],"wp:featuredmedia":[{"embeddable":true,"href":"https:\/\/izaki-sports-academy.com\/sejours-pays-basque\/wp-json\/wp\/v2\/media\/5151"}],"wp:attachment":[{"href":"https:\/\/izaki-sports-academy.com\/sejours-pays-basque\/wp-json\/wp\/v2\/media?parent=5124"}],"curies":[{"name":"wp","href":"https:\/\/api.w.org\/{rel}","templated":true}]}}