{"id":5056,"date":"2025-10-30T10:54:50","date_gmt":"2025-10-30T09:54:50","guid":{"rendered":"https:\/\/izaki-sports-academy.com\/sejours-pays-basque\/?page_id=5056"},"modified":"2026-04-03T11:55:42","modified_gmt":"2026-04-03T09:55:42","slug":"sejours-adultes-sports-bien-etre","status":"publish","type":"page","link":"https:\/\/izaki-sports-academy.com\/sejours-pays-basque\/sejours-adultes-sports-bien-etre\/","title":{"rendered":"NOS S\u00c9JOURS ADULTES"},"content":{"rendered":"<div  data-label=\"Features\" data-id=\"features--1\" data-export-id=\"features-16-card-bordered-colored\" data-category=\"features\" class=\"features-16-card-bordered-colored content-section content-section-spacing content-relative\" id=\"features-1\"><div  class=\"gridContainer\"> <div  class=\"row text-center\"><div  class=\"section-title-col\" data-type=\"column\"> <h2  class=\"\">Sport \u00e0 fond ou sport bien \u00eatre\u2026\n<br >C\u2019est comme VOUS le voulez !<\/h2> <p  class=\"lead\">Nos s\u00e9jours sont pens\u00e9s, \u00e9quilibr\u00e9s, r\u00e9fl\u00e9chis et pr\u00e9par\u00e9s m\u00ealant activit\u00e9s toniques, relaxation et d\u00e9couvertes locales. Vous n\u2019aurez qu\u2019\u00e0 vous laisser porter.\n<br >Offrez vous une escapade ressour\u00e7ante, entre oc\u00e9an, montagne et douceur de vie \u00e0 la basquaise. Vous profiterez ainsi de chaque instant, de chaque image, de chaque son qui vous mettront dans les dispositions id\u00e9ales pour retirer de votre s\u00e9jours l\u2019\u00e9nergie que vous y \u00eates venus chercher !\n<br >Des s\u00e9jours uniques o\u00f9 \u00e9nergie, convivialit\u00e9 et s\u00e9r\u00e9nit\u00e9 se rencontrent pour un pur moment de plaisir et d\u2019harmonie.<\/p><\/div> <\/div> <div  class=\"row spaced-cols center-sm\" data-type=\"row\"> <div  class=\"col-xs-12 col-sm-6 col-md-4 \"> <div  class=\"card no-padding bottom-border-color1\"> <img  decoding=\"async\" class=\"face\" src=\"https:\/\/izaki-sports-academy.com\/sejours-pays-basque\/wp-content\/uploads\/2025\/10\/IBARDIN-COULEURS-73-reduite.jpg\" alt=\"\" title=\"s\u00e9jours sportifs adultes pays basque\"> <div  data-type=\"column\" class=\"col-padding-small col-padding-small-xs description-container\"> <h4  class=\"font-500 color1\"><span  style=\"font-weight: 700;\"><a  data-mce-href=\"..\/rando-detente\/\" href=\"https:\/\/izaki-sports-academy.com\/sejours-pays-basque\/rando-detente\" target=\"_self\" data-mce-selected=\"inline-boundary\" data-cp-link=\"1\"><b >Randonn\u00e9e &amp; D\u00e9tente<\/b><\/a><\/span><\/h4> <h5  class=\"\">4 jours et 3 nuits\n<br >8 personnes<\/h5><\/div> <div  data-type=\"column\" class=\"col-padding-small col-padding-small-xs read-more-container\"><a  class=\"button force-shadow color1\" href=\"https:\/\/izaki-sports-academy.com\/sejours-pays-basque\/rando-detente\" target=\"_blank\" data-cp-link=\"1\" data-icon=\"\" rel=\"noopener noreferrer\">En savoir +<\/a><a  class=\"button color2\" href=\"https:\/\/izaki-sports-academy.com\/produit\/sejour-rando-detente\" target=\"_self\" data-cp-link=\"1\" data-icon=\"\">Je m\u2019inscris !<\/a><\/div> <\/div><\/div><div  class=\"col-xs-12 col-sm-6 col-md-4 \"> <div  class=\"card no-padding bottom-border-color1\"> <a  data-cp-link=\"1\" href=\"https:\/\/izaki-sports-academy.com\/sejours-pays-basque\/journee-ski\" target=\"_self\"><img  decoding=\"async\" class=\"face\" src=\"https:\/\/izaki-sports-academy.com\/sejours-pays-basque\/wp-content\/uploads\/2025\/12\/seminaires_team_buildings_pyrenees_ski_izaki.jpg\" alt=\"\" title=\"seminaires_team_buildings_pyrenees_ski_izaki\"><\/a> <div  data-type=\"column\" class=\"col-padding-small col-padding-small-xs description-container\"> <h4  class=\"font-500 color1\"><span  style=\"font-weight: 700;\"><a  data-mce-href=\"..\/journee-ski\/\" href=\"https:\/\/izaki-sports-academy.com\/sejours-pays-basque\/journee-ski\" target=\"_self\" data-mce-selected=\"inline-boundary\" data-cp-link=\"1\">Journ\u00e9es Ski<\/a><a  data-mce-href=\"..\/rando-detente\/\" href=\"https:\/\/izaki-sports-academy.com\/sejours-pays-basque\/rando-detente\" target=\"_self\" data-mce-selected=\"inline-boundary\" data-cp-link=\"1\"><b ><\/b><\/a><\/span><\/h4> <h5  class=\"\">1 jour<br >8 personnes<\/h5><\/div> <div  data-type=\"column\" class=\"col-padding-small col-padding-small-xs read-more-container\"><a  class=\"button force-shadow color1\" href=\"https:\/\/izaki-sports-academy.com\/sejours-pays-basque\/journee-ski\" target=\"_blank\" data-cp-link=\"1\" data-icon=\"\" rel=\"noopener noreferrer\">En savoir +<\/a><a  class=\"button color2\" href=\"https:\/\/izaki-sports-academy.com\/categorie-produit\/sejours-adultes\" target=\"_self\" data-cp-link=\"1\" data-icon=\"\">Je m\u2019inscris !<\/a><\/div> <\/div><\/div> <div  class=\"col-xs-12 col-sm-6 col-md-4 \"> <div  class=\"card no-padding bottom-border-color1\"> <img  decoding=\"async\" class=\"face\" src=\"https:\/\/izaki-sports-academy.com\/sejours-pays-basque\/wp-content\/uploads\/2025\/10\/38-la-cornichePays-basque-34-reduite.jpg\" alt=\"\" title=\"s\u00e9jours adultes Pays basque (34) reduite\"> <div  data-type=\"column\" class=\"col-padding-small col-padding-small-xs description-container\"> <h4  class=\"font-500 color1\" style=\"text-align: center;\"><a  data-mce-href=\"..\/surf-rando-decouverte\/\" href=\"https:\/\/izaki-sports-academy.com\/sejours-pays-basque\/surf-rando-decouverte\" target=\"_self\" data-mce-selected=\"inline-boundary\" data-cp-link=\"1\"><span  style=\"font-weight: 600;\"><b >Surf, Rando, D\u00e9couverte<\/b><\/span><\/a><\/h4> <h5  class=\"\"><span  style=\"font-weight: 300;\"><span  style=\"font-weight: 900;\">4 jours et 3 nuits<\/span><br ><span  style=\"font-weight: 900;\">\n8 personnes<\/span><span  id=\"_mce_caret\" data-mce-bogus=\"1\" data-mce-type=\"format-caret\"><span  style=\"font-weight: 600;\">\ufeff<\/span><\/span><\/span><\/h5><\/div> <div  data-type=\"column\" class=\"col-padding-small col-padding-small-xs read-more-container\"><a  class=\"button force-shadow color1\" href=\"https:\/\/izaki-sports-academy.com\/sejours-pays-basque\/surf-rando-decouverte\" target=\"_blank\" data-cp-link=\"1\" data-icon=\"\" rel=\"noopener noreferrer\">En savoir +<\/a><a  class=\"button color2\" href=\"https:\/\/izaki-sports-academy.com\/produit\/sejour-surf-rando-decouverte\" target=\"_self\" data-cp-link=\"1\" data-icon=\"\">Je m\u2019inscris !<\/a><\/div> <\/div><\/div><div  class=\"col-xs-12 col-sm-6 col-md-4 \"><div  class=\"card no-padding bottom-border-color1\"> <a  data-cp-link=\"1\" href=\"https:\/\/izaki-sports-academy.com\/sejours-pays-basque\/sejour-multiactivites-adultes\" target=\"_self\"><img  decoding=\"async\" class=\"face\" src=\"https:\/\/izaki-sports-academy.com\/sejours-pays-basque\/wp-content\/uploads\/2025\/11\/sejours_adultes_sportifs_pays_basque_izaki.jpg\" alt=\"\" title=\"sejours_adultes_sportifs_pays_basque_izaki\"><\/a> <div  data-type=\"column\" class=\"col-padding-small col-padding-small-xs description-container\"> <h4  class=\"font-500 color1\"><a  data-mce-href=\"..\/sejour-multiactivites-adultes\/\" href=\"https:\/\/izaki-sports-academy.com\/sejours-pays-basque\/sejour-multiactivites-adultes\" target=\"_self\" data-mce-selected=\"inline-boundary\" data-cp-link=\"1\"><span  style=\"font-weight: 900;\"><b >Multi-Activit\u00e9s<\/b><\/span><\/a><\/h4> <h5  class=\"\">4 jours et 3 nuits<br >\n8 personnes<\/h5><\/div> <div  data-type=\"column\" class=\"col-padding-small col-padding-small-xs read-more-container\"><a  class=\"button color1\" href=\"https:\/\/izaki-sports-academy.com\/sejours-pays-basque\/sejour-multiactivites-adultes\" target=\"_blank\" data-cp-link=\"1\" data-icon=\"\" rel=\"noopener noreferrer\">En savoir +<\/a><a  class=\"button color2\" href=\"https:\/\/izaki-sports-academy.com\/produit\/sejour-multi-activites\" target=\"_self\" data-cp-link=\"1\" data-icon=\"\">Je m\u2019inscris !<\/a><\/div> <\/div><\/div>  <div  class=\"col-xs-12 col-sm-6 col-md-4 \"> <div  class=\"card no-padding bottom-border-color1\"> <a  data-cp-link=\"1\" href=\"#\" target=\"_self\"><img  decoding=\"async\" class=\"face\" src=\"https:\/\/izaki-sports-academy.com\/sejours-pays-basque\/wp-content\/uploads\/2026\/01\/sejours_adultes_sportifs_pays_basque_izaki-2.jpg\" alt=\"\" title=\"s\u00e9jours adultes pays basque\"><\/a> <div  data-type=\"column\" class=\"col-padding-small col-padding-small-xs description-container\"> <h4  class=\"font-500 color1\"><a  data-mce-href=\"..\/surf-yoga\/\" href=\"https:\/\/izaki-sports-academy.com\/sejours-pays-basque\/surf-yoga\" target=\"_self\" data-mce-selected=\"inline-boundary\" data-cp-link=\"1\"><span  style=\"font-weight: 900;\"><b >Surf &amp; Yoga<\/b><\/span><\/a><\/h4> <h5  class=\"\">4 jours et 3 nuits<br >\n8 personnes<\/h5><\/div> <div  data-type=\"column\" class=\"col-padding-small col-padding-small-xs read-more-container\"><a  class=\"button force-shadow color1\" href=\"https:\/\/izaki-sports-academy.com\/sejours-pays-basque\/surf-yoga\" target=\"_blank\" data-cp-link=\"1\" data-icon=\"\" rel=\"noopener noreferrer\">En savoir +<\/a><a  class=\"button color2\" href=\"https:\/\/izaki-sports-academy.com\/produit\/sejour-surf-yoga\" target=\"_self\" data-cp-link=\"1\" data-icon=\"\">Je m\u2019inscris !<\/a><\/div> <\/div><\/div><div  class=\"col-xs-12 col-sm-6 col-md-4\"> <div  class=\"card no-padding bottom-border-color1\"> <a  data-cp-link=\"1\" href=\"https:\/\/izaki-sports-academy.com\/sejours-pays-basque\/padle-tennis-camp\" target=\"_self\"><img  decoding=\"async\" class=\"face\" src=\"https:\/\/izaki-sports-academy.com\/sejours-pays-basque\/wp-content\/uploads\/2026\/01\/sejours_adultes_sportifs_pays_basque_izaki-1.jpg\" alt=\"\" title=\"seminaires_team_buildings_pyrenees_ski_izaki\"><\/a> <div  data-type=\"column\" class=\"col-padding-small col-padding-small-xs description-container\"> <h4  class=\"font-500 color1\"><span  style=\"font-weight: 700;\"><span  style=\"font-weight: 900;\"><a  data-mce-href=\"..\/padle-tennis-camp\" href=\"https:\/\/izaki-sports-academy.com\/sejours-pays-basque\/padle-tennis-camp\" target=\"_self\" data-mce-selected=\"inline-boundary\" data-cp-link=\"1\">\ufeffPadel tennis Camp<\/a><\/span><a  data-mce-href=\"..\/rando-detente\/\" href=\"https:\/\/izaki-sports-academy.com\/sejours-pays-basque\/rando-detente\" target=\"_self\" data-mce-selected=\"inline-boundary\" data-cp-link=\"1\"><b ><\/b><\/a><\/span><span  id=\"_mce_caret\" data-mce-bogus=\"1\" data-mce-type=\"format-caret\"><span  style=\"font-weight: 700;\">\ufeff<\/span><\/span><span  id=\"_mce_caret\" data-mce-bogus=\"1\" data-mce-type=\"format-caret\"><span  style=\"font-weight: 900;\">\ufeff<\/span><\/span><span  id=\"_mce_caret\" data-mce-bogus=\"1\" data-mce-type=\"format-caret\"><a  data-mce-href=\"..\/..\/produit\/padle-tennis-camp\" href=\"..\/..\/produit\/padle-tennis-camp\" target=\"_self\" data-mce-selected=\"inline-boundary\" data-cp-link=\"1\" class=\"\">\ufeff<\/a><\/span><span  id=\"_mce_caret\" data-mce-bogus=\"1\" data-mce-type=\"format-caret\"><span  style=\"font-weight: 900;\">\ufeff<\/span><\/span><span  id=\"_mce_caret\" data-mce-bogus=\"1\" data-mce-type=\"format-caret\"><span  style=\"font-weight: 700;\"><a  data-mce-href=\"..\/padle-tennis-camp\/\" href=\"https:\/\/izaki-sports-academy.com\/sejours-pays-basque\/padle-tennis-camp\" target=\"_self\" data-mce-selected=\"inline-boundary\" data-cp-link=\"1\">\ufeff<\/a><\/span><\/span><span  id=\"_mce_caret\" data-mce-bogus=\"1\" data-mce-type=\"format-caret\"><span  style=\"text-decoration: line-through;\">\ufeff<\/span><\/span><span  id=\"_mce_caret\" data-mce-bogus=\"1\" data-mce-type=\"format-caret\"><span  style=\"font-weight: 900;\">\ufeff<\/span><\/span><span  id=\"_mce_caret\" data-mce-bogus=\"1\" data-mce-type=\"format-caret\"><a  data-mce-href=\"..\/padle-tennis-camp\" href=\"https:\/\/izaki-sports-academy.com\/sejours-pays-basque\/padle-tennis-camp\" target=\"_self\" data-mce-selected=\"inline-boundary\" data-cp-link=\"1\">\ufeff<\/a><\/span><span  id=\"_mce_caret\" data-mce-bogus=\"1\" data-mce-type=\"format-caret\"><span  style=\"font-weight: 900;\">\ufeff<\/span><\/span><span  id=\"_mce_caret\" data-mce-bogus=\"1\" data-mce-type=\"format-caret\"><span  style=\"text-decoration: underline;\">\ufeff<\/span><\/span><\/h4> <h5  class=\"\">3 jours 2 nuits<br >\n8 personnes<\/h5><div  class=\"scribens-layout\" style=\"all: initial;\"><\/div><div  class=\"scribens-layout\" style=\"all: initial;\"><\/div><\/div> <div  data-type=\"column\" class=\"col-padding-small col-padding-small-xs read-more-container\"><a  class=\"button force-shadow color1\" href=\"https:\/\/izaki-sports-academy.com\/sejours-pays-basque\/padle-tennis-camp\" target=\"_blank\" data-cp-link=\"1\" data-icon=\"\" rel=\"noopener noreferrer\">En savoir +<\/a><a  class=\"button color2\" href=\"https:\/\/izaki-sports-academy.com\/produit\/padle-tennis-camp\" target=\"_self\" data-cp-link=\"1\" data-icon=\"\">Je m\u2019inscris !<\/a><\/div> <\/div><\/div><div  class=\"col-xs-12 col-sm-6 col-md-4\"> <div  class=\"card no-padding bottom-border-color1\"> <img  decoding=\"async\" class=\"face\" src=\"https:\/\/izaki-sports-academy.com\/sejours-pays-basque\/wp-content\/uploads\/2026\/03\/cropped-IMG_0021.jpeg\" alt=\"s\u00e9jour entre filles au pays Basque\" title=\"s\u00e9jour entre filles\"> <div  data-type=\"column\" class=\"col-padding-small col-padding-small-xs description-container\"> <h4  class=\"font-500 color1\"><span  style=\"font-weight: 700;\">S\u00e9jour \u00ab&nbsp;ENTRE FILLES&nbsp;\u00bb<a  data-mce-href=\"..\/rando-detente\/\" href=\"https:\/\/izaki-sports-academy.com\/sejours-pays-basque\/rando-detente\" target=\"_self\" data-mce-selected=\"inline-boundary\" data-cp-link=\"1\"><b ><\/b><\/a><\/span><\/h4> <h5  class=\"\">3 jours et 2 nuits\n<br >12 personnes<\/h5><\/div> <div  data-type=\"column\" class=\"col-padding-small col-padding-small-xs read-more-container\"><a  class=\"button force-shadow color1\" href=\"https:\/\/izaki-sports-academy.com\/sejours-pays-basque\/sejour-entre-filles\" target=\"_blank\" data-cp-link=\"1\" data-icon=\"\" rel=\"noopener noreferrer\">En savoir +<\/a><a  class=\"button color2\" href=\"https:\/\/izaki-sports-academy.com\/produit\/sejour-entre-filles\" target=\"_self\" data-cp-link=\"1\" data-icon=\"\">Je m\u2019inscris !<\/a><\/div> <\/div><\/div><\/div><\/div> <\/div><div  data-label=\"Cta\" data-id=\"cta--1\" data-export-id=\"cta-blue-section\" data-category=\"cta\" class=\"cta-blue-section content-section content-section-spacing-medium bg-color1 white-text\" id=\"cta-1\"><div  class=\"\"> <div  class=\"row middle-xs\"><div  class=\"col-sm-8 space-bottom-xs\" data-type=\"column\"> <h2  class=\"\" style=\"text-align: center;\">Rejoignez nous pour vous sentir&nbsp; bien !<\/h2> <\/div> <div  class=\"col-sm-4 end-sm\" data-type=\"column\"> <\/div> <\/div><\/div> <\/div>","protected":false},"excerpt":{"rendered":"<p>Sport \u00e0 fond ou sport bien \u00eatre\u2026 C\u2019est comme VOUS le voulez ! Nos s\u00e9jours sont pens\u00e9s, \u00e9quilibr\u00e9s, r\u00e9fl\u00e9chis et pr\u00e9par\u00e9s m\u00ealant activit\u00e9s toniques, relaxation et d\u00e9couvertes locales. Vous n\u2019aurez qu\u2019\u00e0 vous laisser porter. Offrez vous une escapade ressour\u00e7ante, entre oc\u00e9an, montagne et douceur de vie \u00e0 la basquaise. Vous profiterez ainsi de chaque instant,&hellip; <br \/> <a class=\"read-more\" href=\"https:\/\/izaki-sports-academy.com\/sejours-pays-basque\/sejours-adultes-sports-bien-etre\/\">Lire la suite<\/a><\/p>\n","protected":false},"author":2,"featured_media":5103,"parent":0,"menu_order":0,"comment_status":"closed","ping_status":"closed","template":"pro\/page-templates\/full-width-page.php","meta":{"_seopress_robots_primary_cat":"","_seopress_titles_title":"S\u00e9jours adultes sportifs au Pays Basque Printemps 2026","_seopress_titles_desc":"S\u00e9jours adultes au Pays Basque, d\u00e9di\u00e9s aux adultes. Formules atypiques et vari\u00e9es encadr\u00e9es par des professionnels passionn\u00e9s. Contactez nous !","_seopress_robots_index":"","footnotes":""},"class_list":["post-5056","page","type-page","status-publish","has-post-thumbnail","hentry"],"_links":{"self":[{"href":"https:\/\/izaki-sports-academy.com\/sejours-pays-basque\/wp-json\/wp\/v2\/pages\/5056","targetHints":{"allow":["GET"]}}],"collection":[{"href":"https:\/\/izaki-sports-academy.com\/sejours-pays-basque\/wp-json\/wp\/v2\/pages"}],"about":[{"href":"https:\/\/izaki-sports-academy.com\/sejours-pays-basque\/wp-json\/wp\/v2\/types\/page"}],"author":[{"embeddable":true,"href":"https:\/\/izaki-sports-academy.com\/sejours-pays-basque\/wp-json\/wp\/v2\/users\/2"}],"replies":[{"embeddable":true,"href":"https:\/\/izaki-sports-academy.com\/sejours-pays-basque\/wp-json\/wp\/v2\/comments?post=5056"}],"version-history":[{"count":45,"href":"https:\/\/izaki-sports-academy.com\/sejours-pays-basque\/wp-json\/wp\/v2\/pages\/5056\/revisions"}],"predecessor-version":[{"id":5794,"href":"https:\/\/izaki-sports-academy.com\/sejours-pays-basque\/wp-json\/wp\/v2\/pages\/5056\/revisions\/5794"}],"wp:featuredmedia":[{"embeddable":true,"href":"https:\/\/izaki-sports-academy.com\/sejours-pays-basque\/wp-json\/wp\/v2\/media\/5103"}],"wp:attachment":[{"href":"https:\/\/izaki-sports-academy.com\/sejours-pays-basque\/wp-json\/wp\/v2\/media?parent=5056"}],"curies":[{"name":"wp","href":"https:\/\/api.w.org\/{rel}","templated":true}]}}